{"id":104,"date":"2020-06-29T07:26:25","date_gmt":"2020-06-29T07:26:25","guid":{"rendered":"http:\/\/nihongo.fi\/?page_id=104"},"modified":"2025-03-01T16:35:04","modified_gmt":"2025-03-01T14:35:04","slug":"ajankohtaista","status":"publish","type":"page","link":"https:\/\/nihongo.fi\/?page_id=104","title":{"rendered":"Tapahtumat\/ \u884c\u4e8b"},"content":{"rendered":"<h2><span style=\"color: #000000;\"><strong>Ty\u00f6pajaa\/ \u52c9\u5f37\u4f1a<\/strong><\/span><\/h2>\n<p><span style=\"color: #000000;\">JOY j\u00e4rjest\u00e4\u00e4 kaksi ty\u00f6pajaa vuodessa, joiden aiheena on japanin kielen ja kulttuurin opetus.\u00a0<\/span><span style=\"color: #000000;\">Ty\u00f6pajat ovat ilmaisia j\u00e4senille (10 euroa muille kuin JOY:n j\u00e4senille). Muista tapahtumista ilmoitetaan JOY:n s\u00e4hk\u00f6postilistan kautta.<\/span><\/p>\n<p><span style=\"color: #000000;\">JOY<span lang=\"ja\">\u3067\u306f\u5e74\uff12\u56de\u52c9\u5f37\u4f1a\u3092\u3057\u3066\u3044\u307e\u3059\uff08\u4f1a\u54e1\u7121\u6599\u3001\u975e\u4f1a\u54e1<\/span>1<span lang=\"ja\">\u56de<\/span>10<span lang=\"ja\">\u30e6\u30fc\u30ed\uff09\u3002\u305d\u306e\u4ed6\u306b\u6d3b\u52d5\u304c\u3042\u308b\u6642\u306f\u968f\u6642\u30e1\u30fc\u30eb\u306b\u3066\u304a\u77e5\u3089\u305b\u3092\u3057\u307e\u3059\u3002<\/span><\/span><\/p>\n<h2><span style=\"color: #000000;\">2018-2025<\/span><\/h2>\n<h3><span style=\"color: #000000;\">Alla olevilta sivuilta l\u00f6yd\u00e4t lis\u00e4tietoa Japanin kielen ja kulttuurin opettajain yhdistyksen tapahtumista.<\/span><\/h3>\n<p><span style=\"color: #000000;\">JOY\u306e\u884c\u4e8b\u306e\u8a73\u7d30\u306b\u3064\u3044\u3066\u306f\u3001\u4ee5\u4e0b\u306e\u30da\u30fc\u30b8\u3092\u3054\u89a7\u304f\u3060\u3055\u3044\u3002<\/span><\/p>\n<h3><a href=\"https:\/\/nihongo.fi\/?p=916\">Tapahtumat vuonna 2025\/<\/a> 2025\u5e74\u884c\u4e8b<\/h3>\n<h3><a href=\"https:\/\/nihongo.fi\/?page_id=775\">Tapahtumat vuonna 2024\/<\/a> 2024\u5e74\u884c\u4e8b<\/h3>\n<h3><a href=\"https:\/\/nihongo.fi\/?page_id=704\">Tapahtumat vuonna 2023\/<\/a> 2023\u5e74\u884c\u4e8b<\/h3>\n<h3><span style=\"color: #0000ff;\"><a style=\"color: #0000ff;\" href=\"https:\/\/nihongo.fi\/?page_id=375\">Tapahtumat vuonna 2022\/ <\/a><\/span>2022\u5e74\u884c\u4e8b<\/h3>\n<h3><span style=\"color: #0000ff;\"><a style=\"color: #0000ff;\" href=\"https:\/\/nihongo.fi\/?page_id=325\">Tapahtumat vuonna 2021<\/a><a style=\"color: #0000ff;\" href=\"https:\/\/nihongo.fi\/?page_id=375\">\/ <\/a><\/span>2021\u5e74\u884c\u4e8b<\/h3>\n<h3><span style=\"color: #0000ff;\"><a style=\"color: #0000ff;\" href=\"https:\/\/nihongo.fi\/?page_id=115\">Tapahtumat vuonna 2020<\/a><a style=\"color: #0000ff;\" href=\"https:\/\/nihongo.fi\/?page_id=375\">\/ <\/a><\/span>2020\u5e74\u884c\u4e8b<\/h3>\n<h3><span style=\"color: #0000ff;\"><a style=\"color: #0000ff;\" href=\"https:\/\/nihongo.fi\/?page_id=115\">Tapahtumat vuonna 2019<\/a><a style=\"color: #0000ff;\" href=\"https:\/\/nihongo.fi\/?page_id=375\">\/ <\/a><\/span>2019\u5e74\u884c\u4e8b<\/h3>\n<h3><span style=\"color: #0000ff;\"><a style=\"color: #0000ff;\" href=\"https:\/\/nihongo.fi\/?page_id=98\">Tapahtumat vuonna 2018<\/a><a style=\"color: #0000ff;\" href=\"https:\/\/nihongo.fi\/?page_id=375\">\/ <\/a><\/span>2018\u5e74\u884c\u4e8b<\/h3>\n","protected":false},"excerpt":{"rendered":"<p>Ty\u00f6pajaa\/ \u52c9\u5f37\u4f1a JOY j\u00e4rjest\u00e4\u00e4 kaksi ty\u00f6pajaa vuodessa, joiden aiheena on japanin kielen ja kulttuurin opetus.\u00a0Ty\u00f6pajat ovat ilmaisia j\u00e4senille (10 euroa muille kuin JOY:n j\u00e4senille). Muista tapahtumista ilmoitetaan JOY:n s\u00e4hk\u00f6postilistan kautta. JOY\u3067\u306f\u5e74\uff12\u56de\u52c9\u5f37\u4f1a\u3092\u3057\u3066\u3044\u307e\u3059\uff08\u4f1a\u54e1\u7121\u6599\u3001\u975e\u4f1a\u54e11\u56de10\u30e6\u30fc\u30ed\uff09\u3002\u305d\u306e\u4ed6\u306b\u6d3b\u52d5\u304c\u3042\u308b\u6642\u306f\u968f\u6642\u30e1\u30fc\u30eb\u306b\u3066\u304a\u77e5\u3089\u305b\u3092\u3057\u307e\u3059\u3002 2018-2025 Alla olevilta sivuilta l\u00f6yd\u00e4t lis\u00e4tietoa Japanin kielen ja kulttuurin opettajain yhdistyksen tapahtumista. JOY\u306e\u884c\u4e8b\u306e\u8a73\u7d30\u306b\u3064\u3044\u3066\u306f\u3001\u4ee5\u4e0b\u306e\u30da\u30fc\u30b8\u3092\u3054\u89a7\u304f\u3060\u3055\u3044\u3002 Tapahtumat vuonna 2025\/ 2025\u5e74\u884c\u4e8b Tapahtumat vuonna 2024\/ 2024\u5e74\u884c\u4e8b Tapahtumat vuonna [&hellip;]<\/p>\n","protected":false},"author":1,"featured_media":0,"parent":0,"menu_order":0,"comment_status":"closed","ping_status":"closed","template":"page-templates\/full-width.php","meta":{"footnotes":""},"class_list":["post-104","page","type-page","status-publish","hentry"],"_links":{"self":[{"href":"https:\/\/nihongo.fi\/index.php?rest_route=\/wp\/v2\/pages\/104","targetHints":{"allow":["GET"]}}],"collection":[{"href":"https:\/\/nihongo.fi\/index.php?rest_route=\/wp\/v2\/pages"}],"about":[{"href":"https:\/\/nihongo.fi\/index.php?rest_route=\/wp\/v2\/types\/page"}],"author":[{"embeddable":true,"href":"https:\/\/nihongo.fi\/index.php?rest_route=\/wp\/v2\/users\/1"}],"replies":[{"embeddable":true,"href":"https:\/\/nihongo.fi\/index.php?rest_route=%2Fwp%2Fv2%2Fcomments&post=104"}],"version-history":[{"count":29,"href":"https:\/\/nihongo.fi\/index.php?rest_route=\/wp\/v2\/pages\/104\/revisions"}],"predecessor-version":[{"id":922,"href":"https:\/\/nihongo.fi\/index.php?rest_route=\/wp\/v2\/pages\/104\/revisions\/922"}],"wp:attachment":[{"href":"https:\/\/nihongo.fi\/index.php?rest_route=%2Fwp%2Fv2%2Fmedia&parent=104"}],"curies":[{"name":"wp","href":"https:\/\/api.w.org\/{rel}","templated":true}]}}