{"id":107,"date":"2020-06-29T07:29:57","date_gmt":"2020-06-29T07:29:57","guid":{"rendered":"http:\/\/nihongo.fi\/?page_id=107"},"modified":"2024-09-12T11:07:22","modified_gmt":"2024-09-12T08:07:22","slug":"linkit","status":"publish","type":"page","link":"https:\/\/nihongo.fi\/?page_id=107","title":{"rendered":"Linkit\/ \u30ea\u30f3\u30af"},"content":{"rendered":"<ul>\n<li>\n<h2><span style=\"color: #000000;\"><span style=\"color: #0000ff;\"><span style=\"color: #000000;\">Organisaatiot\/ \u65e5\u672c\u8a9e\u30fb\u65e5\u672c\u6587\u5316\u95a2\u9023\u56e3\u4f53<\/span><\/span><\/span><\/h2>\n<\/li>\n<\/ul>\n<p><span style=\"color: #0000ff;\"><a style=\"color: #0000ff;\" href=\"https:\/\/nihongo.fi\/?page_id=131\">Japania opettavat oppilaitokset 2024 <\/a><span style=\"color: #000000;\">\u30d5\u30a3\u30f3\u30e9\u30f3\u30c9\u306b\u304a\u3051\u308b<\/span><\/span>\u65e5\u672c\u8a9e\u6559\u80b2\u6a5f\u95a2\uff082024\u5e74\u8abf\u3079\uff09<\/p>\n<p><span style=\"color: #000000;\"><a style=\"color: #000000;\" href=\"https:\/\/nihongo.fi\/?page_id=129\"><span style=\"color: #0000ff;\">Japaniin liittyv\u00e4t yhdistykset ja organisaatiot Suomessa \/ <\/span><\/a><\/span>\u30d5\u30a3\u30f3\u30e9\u30f3\u30c9\u56fd\u5185\u306e\u95a2\u9023\u56e3\u4f53<\/p>\n<p>&nbsp;<\/p>\n<ul>\n<li>\n<h2><span style=\"color: #000000;\">Open access resussit\/\u00a0<\/span>\u65e5\u672c\u8a9e\u30fb\u65e5\u672c\u6587\u5316\u95a2\u9023\u30aa\u30fc\u30d7\u30f3\u30a2\u30af\u30bb\u30b9\u8cc7\u6599<\/h2>\n<\/li>\n<\/ul>\n<p><span style=\"color: #000000;\"><a style=\"color: #000000;\" href=\"https:\/\/nihongo.fi\/?page_id=134\"><span style=\"color: #0000ff;\">Open access resussit: japanin kieli \/ <\/span><\/a><\/span>\u30aa\u30fc\u30d7\u30f3\u30a2\u30af\u30bb\u30b9\u306e\u65e5\u672c\u8a9e\u5b66\u7fd2\u8cc7\u6599<\/p>\n<p><span style=\"color: #000000;\"><a style=\"color: #000000;\" href=\"https:\/\/nihongo.fi\/?page_id=231\"><span style=\"color: #0000ff;\">Open asscess resussit: japanin kulttuuri ja yhteiskunta \/ <\/span><\/a><\/span>\u30aa\u30fc\u30d7\u30f3\u30a2\u30af\u30bb\u30b9\u306e\u65e5\u672c\u6587\u5316\u30fb\u793e\u4f1a\u95a2\u9023\u8cc7\u6599<\/p>\n<p><span style=\"color: #000000;\"><a style=\"color: #000000;\" href=\"https:\/\/nihongo.fi\/?page_id=119\"><span style=\"color: #0000ff;\">Sanakirjat \/ <\/span>\u65e5\u672c\u8a9e\u8f9e\u5178<\/a><\/span><\/p>\n<p><span style=\"color: #000000;\"><a style=\"color: #000000;\" href=\"https:\/\/nihongo.fi\/?page_id=122\"><span style=\"color: #0000ff;\">Japanin kielen \u00e4\u00e4nt\u00e4minen \/ <\/span>\u65e5\u672c\u8a9e\u306e\u767a\u97f3\u306b\u95a2\u3059\u308b\u30a6\u30a7\u30d6\u30b5\u30a4\u30c8<\/a><\/span><\/p>\n<p><span style=\"color: #000000;\"><a style=\"color: #000000;\" href=\"https:\/\/nihongo.fi\/?page_id=140\"><span style=\"color: #0000ff;\">Japanin kielioppi \/ <\/span>\u65e5\u672c\u8a9e\u6587\u6cd5\u306b\u95a2\u3059\u308b\u30a6\u30a7\u30d6\u30b5\u30a4\u30c8<\/a><\/span><\/p>\n<p><span style=\"color: #000000;\"><a style=\"color: #000000;\" href=\"https:\/\/nihongo.fi\/?page_id=185\"><span style=\"color: #0000ff;\">Japanin kirjoittaminen <span style=\"color: #000000;\">\/\u65e5\u672c\u8a9e\u4f5c\u6587\u306b\u95a2\u3059\u308b\u30a6\u30a7\u30d6\u30b5\u30a4\u30c8<\/span><\/span><\/a><\/span><\/p>\n<p><span style=\"color: #000000;\"><a style=\"color: #000000;\" href=\"https:\/\/nihongo.fi\/?page_id=124\"><span style=\"color: #0000ff;\">Japanin kirjoitusj\u00e4rjestelm\u00e4 <\/span><\/a><a style=\"color: #000000;\" href=\"https:\/\/nihongo.fi\/?page_id=124\">\/ \u3072\u3089\u304c\u306a\u3001\u30ab\u30bf\u30ab\u30ca\u3001\u6f22\u5b57\u306a\u3069\u306e\u30a6\u30a7\u30d6\u30b5\u30a4\u30c8<\/a><\/span><\/p>\n<p><a href=\"https:\/\/nihongo.fi\/?page_id=270\"><span style=\"color: #0000ff;\">Japanin lukeminen \/ <\/span><span style=\"color: #000000;\">\u65e5\u672c\u8a9e\u8aad\u89e3\u306b\u95a2\u3059\u308b<\/span><\/a><a href=\"https:\/\/nihongo.fi\/?page_id=270\"><span style=\"color: #000000;\">\u30a6\u30a7\u30d6\u30b5\u30a4\u30c8<\/span><\/a><\/p>\n<p><span style=\"color: #0000ff;\"><a style=\"color: #0000ff;\" href=\"https:\/\/nihongo.fi\/?page_id=278\">ICT (Information and Communications Technology)<span style=\"color: #000000;\"> \/<\/span> <\/a><\/span>\u30b2\u30fc\u30e0\u3084\u30d7\u30e9\u30c3\u30c8\u30d5\u30a9\u30fc\u30e0\u306a\u3069<\/p>\n<p><a href=\"https:\/\/conscious-rose-d86.notion.site\/41c9ff21a78644c0ad226d1369ef5a01?v=ddc21d35e21f4ed2a97da7b9f897dd59\"><span style=\"color: #0000ff;\">Katakana<\/span> \/ <\/a>\u30ab\u30bf\u30ab\u30ca\u30ab\u30fc\u30c9<\/p>\n<p>&nbsp;<\/p>\n","protected":false},"excerpt":{"rendered":"<p>Organisaatiot\/ \u65e5\u672c\u8a9e\u30fb\u65e5\u672c\u6587\u5316\u95a2\u9023\u56e3\u4f53 Japania opettavat oppilaitokset 2024 \u30d5\u30a3\u30f3\u30e9\u30f3\u30c9\u306b\u304a\u3051\u308b\u65e5\u672c\u8a9e\u6559\u80b2\u6a5f\u95a2\uff082024\u5e74\u8abf\u3079\uff09 Japaniin liittyv\u00e4t yhdistykset ja organisaatiot Suomessa \/ \u30d5\u30a3\u30f3\u30e9\u30f3\u30c9\u56fd\u5185\u306e\u95a2\u9023\u56e3\u4f53 &nbsp; Open access resussit\/\u00a0\u65e5\u672c\u8a9e\u30fb\u65e5\u672c\u6587\u5316\u95a2\u9023\u30aa\u30fc\u30d7\u30f3\u30a2\u30af\u30bb\u30b9\u8cc7\u6599 Open access resussit: japanin kieli \/ \u30aa\u30fc\u30d7\u30f3\u30a2\u30af\u30bb\u30b9\u306e\u65e5\u672c\u8a9e\u5b66\u7fd2\u8cc7\u6599 Open asscess resussit: japanin kulttuuri ja yhteiskunta \/ \u30aa\u30fc\u30d7\u30f3\u30a2\u30af\u30bb\u30b9\u306e\u65e5\u672c\u6587\u5316\u30fb\u793e\u4f1a\u95a2\u9023\u8cc7\u6599 Sanakirjat \/ \u65e5\u672c\u8a9e\u8f9e\u5178 Japanin kielen \u00e4\u00e4nt\u00e4minen \/ \u65e5\u672c\u8a9e\u306e\u767a\u97f3\u306b\u95a2\u3059\u308b\u30a6\u30a7\u30d6\u30b5\u30a4\u30c8 Japanin kielioppi \/ \u65e5\u672c\u8a9e\u6587\u6cd5\u306b\u95a2\u3059\u308b\u30a6\u30a7\u30d6\u30b5\u30a4\u30c8 Japanin kirjoittaminen \/\u65e5\u672c\u8a9e\u4f5c\u6587\u306b\u95a2\u3059\u308b\u30a6\u30a7\u30d6\u30b5\u30a4\u30c8 Japanin kirjoitusj\u00e4rjestelm\u00e4 \/ \u3072\u3089\u304c\u306a\u3001\u30ab\u30bf\u30ab\u30ca\u3001\u6f22\u5b57\u306a\u3069\u306e\u30a6\u30a7\u30d6\u30b5\u30a4\u30c8 Japanin [&hellip;]<\/p>\n","protected":false},"author":1,"featured_media":0,"parent":0,"menu_order":6,"comment_status":"closed","ping_status":"closed","template":"page-templates\/full-width.php","meta":{"footnotes":""},"class_list":["post-107","page","type-page","status-publish","hentry"],"_links":{"self":[{"href":"https:\/\/nihongo.fi\/index.php?rest_route=\/wp\/v2\/pages\/107","targetHints":{"allow":["GET"]}}],"collection":[{"href":"https:\/\/nihongo.fi\/index.php?rest_route=\/wp\/v2\/pages"}],"about":[{"href":"https:\/\/nihongo.fi\/index.php?rest_route=\/wp\/v2\/types\/page"}],"author":[{"embeddable":true,"href":"https:\/\/nihongo.fi\/index.php?rest_route=\/wp\/v2\/users\/1"}],"replies":[{"embeddable":true,"href":"https:\/\/nihongo.fi\/index.php?rest_route=%2Fwp%2Fv2%2Fcomments&post=107"}],"version-history":[{"count":38,"href":"https:\/\/nihongo.fi\/index.php?rest_route=\/wp\/v2\/pages\/107\/revisions"}],"predecessor-version":[{"id":840,"href":"https:\/\/nihongo.fi\/index.php?rest_route=\/wp\/v2\/pages\/107\/revisions\/840"}],"wp:attachment":[{"href":"https:\/\/nihongo.fi\/index.php?rest_route=%2Fwp%2Fv2%2Fmedia&parent=107"}],"curies":[{"name":"wp","href":"https:\/\/api.w.org\/{rel}","templated":true}]}}