{"id":11,"date":"2015-10-18T17:19:56","date_gmt":"2015-10-18T17:19:56","guid":{"rendered":"http:\/\/nihongo.fi\/?page_id=11"},"modified":"2024-12-28T12:37:33","modified_gmt":"2024-12-28T10:37:33","slug":"jaseneksi","status":"publish","type":"page","link":"https:\/\/nihongo.fi\/?page_id=11","title":{"rendered":"J\u00e4seneksi\/ \u4f1a\u54e1"},"content":{"rendered":"<p>JOY:n j\u00e4seneksi hyv\u00e4ksyt\u00e4\u00e4n ensisijaisesti henkil\u00f6, joka toimii Japanin kielen tai kulttuurin opetusteht\u00e4viss\u00e4. J\u00e4seneksi voidaan my\u00f6s hyv\u00e4ksy\u00e4 henkil\u00f6, jolla on alan valmiudet, vaikka h\u00e4n ei j\u00e4senanomuksen j\u00e4tt\u00f6hetkell\u00e4 toimisikaan opettajana. My\u00f6s alan opiskelijat voivat hakea JOY:n j\u00e4seniksi.<\/p>\n<p>\u65e5\u672c\u8a9e\u3084\u65e5\u672c\u6587\u5316\u306b\u3064\u3044\u3066\u6559\u3048\u3066\u3044\u308b\u4eba\u306f\u3001JOY\u306e\u30e1\u30f3\u30d0\u30fc\u3068\u3057\u3066\u5165\u4f1a\u3067\u304d\u307e\u3059\u3002 \u7533\u8acb\u6642\u306b\u6559\u5e2b\u3067\u306a\u304f\u3066\u3082\u3001\u305d\u306e\u5206\u91ce\u306e\u8cc7\u683c\u3092\u6301\u3063\u3066\u3044\u308b\u4eba\u3082\u4f1a\u54e1\u3068\u3057\u3066\u8a8d\u3081\u3089\u308c\u308b\u5834\u5408\u304c\u3042\u308a\u307e\u3059\u3002 \u65e5\u672c\u8a9e\u3092\u5b66\u3093\u3067\u3044\u308b\u5b66\u751f\u3082\u3001JOY\u306e\u6e96\u4f1a\u54e1\u3068\u3057\u3066\u7533\u3057\u8fbc\u3080\u3053\u3068\u304c\u3067\u304d\u307e\u3059\u3002<\/p>\n<p>Hakijan tulee l\u00e4hett\u00e4\u00e4 yhdistykselle j\u00e4senanomus, joka sis\u00e4lt\u00e4\u00e4 henkil\u00f6tiedot ja lyhyen ty\u00f6historian (esim. CV:n muodossa). Hakemus l\u00e4hetet\u00e4\u00e4n hallitukselle <span style=\"color: #0000ff;\"><a style=\"color: #0000ff;\" href=\"mailto:sihteeri@nihongo.fi\">t\u00e4h\u00e4n osoitteeseen<\/a>.<\/span> Hallitus p\u00e4\u00e4tt\u00e4\u00e4 j\u00e4seneksi hyv\u00e4ksymisest\u00e4 mahdollisimman pian seuraavassa kokouksessaan. Huomaathan kuitenkin, ett\u00e4 lomien aikana hyv\u00e4ksymisess\u00e4 voi kest\u00e4\u00e4 hetken.<\/p>\n<p>Ensimm\u00e4isen vuoden j\u00e4senmaksu: 25 euro (liittymismaksu 5 euro ja j\u00e4senmaksu 20 euro), j\u00e4senmaksu: 20 euro<\/p>\n<p>\u7533\u8acb\u8005\u306f\u3001\u500b\u4eba\u60c5\u5831\u3068\u7c21\u5358\u306a\u96c7\u7528\u5c65\u6b74\uff08\u5c65\u6b74\u66f8\u306a\u3069\uff09\u3092\u542b\u3080\u4f1a\u54e1\u7533\u8acb\u66f8\u3092<a href=\"mailto:sihteeri@nihongo.fi\"><span style=\"color: #0000ff;\">\u5354\u4f1a\u306b\u9001\u4ed8<\/span><\/a>\u3059\u308b\u5fc5\u8981\u304c\u3042\u308a\u307e\u3059\u3002 \u7533\u8acb\u66f8\u306f\u5f79\u54e1\u306b\u9001\u3089\u308c\u3001\u5f79\u54e1\u4f1a\u8b70\u3092\u7d4c\u3066\u3067\u304d\u308b\u3060\u3051\u65e9\u304f\u5165\u4f1a\u306b\u3064\u3044\u3066\u306e\u6c7a\u5b9a\u3092\u4e0b\u3057\u307e\u3059\u3002 \u305f\u3060\u3057\u3001\u4f11\u6687\u4e2d\u306f\u627f\u8a8d\u306b\u6642\u9593\u304c\u304b\u304b\u308b\u5834\u5408\u304c\u3042\u308a\u307e\u3059\u306e\u3067\u3054\u4e86\u627f\u304f\u3060\u3055\u3044\u3002\u307e\u305f\u3001\u5165\u4f1a\u8cbb\u3068\u4f1a\u8cbb\u306f\u4ee5\u4e0b\u306e\u901a\u308a\u3067\u3059\u3002<\/p>\n<p>\u5165\u4f1a\u8cbb\u30681\u5e74\u76ee\u306e\u4f1a\u8cbb\u300025\u20ac\u30012\u5e74\u76ee\u4ee5\u964d\u306e\u4f1a\u8cbb\u300020\u20ac<\/p>\n<h3><span style=\"color: #0000ff;\"><a style=\"color: #0000ff;\" href=\"https:\/\/nihongo.fi\/wp-content\/uploads\/2017\/05\/joy-liittymislomake.docx\">JOY j\u00e4seneksi liittymislomake<span style=\"color: #000000;\">\uff0fJOY\u5165\u4f1a\u7533\u8acb\u66f8<\/span><\/a><\/span><\/h3>\n<h3><a href=\"https:\/\/nihongo.fi\/wp-content\/uploads\/2024\/12\/\u65b0\u4f1a\u5247\u30d5\u30a3\u30f3\u8a9e.pdf\"><span style=\"color: #0000ff;\">JOY_s\u00e4\u00e4nt\u00f6_2021<\/span><\/a>\/ <a href=\"https:\/\/nihongo.fi\/wp-content\/uploads\/2024\/12\/\u65b0\u4f1a\u5247\u65e5\u672c\u8a9e.pdf\">JOY\u4f1a\u5247 2021\u5e74<\/a><\/h3>\n<h3><\/h3>\n","protected":false},"excerpt":{"rendered":"<p>JOY:n j\u00e4seneksi hyv\u00e4ksyt\u00e4\u00e4n ensisijaisesti henkil\u00f6, joka toimii Japanin kielen tai kulttuurin opetusteht\u00e4viss\u00e4. J\u00e4seneksi voidaan my\u00f6s hyv\u00e4ksy\u00e4 henkil\u00f6, jolla on alan valmiudet, vaikka h\u00e4n ei j\u00e4senanomuksen j\u00e4tt\u00f6hetkell\u00e4 toimisikaan opettajana. My\u00f6s alan opiskelijat voivat hakea JOY:n j\u00e4seniksi. \u65e5\u672c\u8a9e\u3084\u65e5\u672c\u6587\u5316\u306b\u3064\u3044\u3066\u6559\u3048\u3066\u3044\u308b\u4eba\u306f\u3001JOY\u306e\u30e1\u30f3\u30d0\u30fc\u3068\u3057\u3066\u5165\u4f1a\u3067\u304d\u307e\u3059\u3002 \u7533\u8acb\u6642\u306b\u6559\u5e2b\u3067\u306a\u304f\u3066\u3082\u3001\u305d\u306e\u5206\u91ce\u306e\u8cc7\u683c\u3092\u6301\u3063\u3066\u3044\u308b\u4eba\u3082\u4f1a\u54e1\u3068\u3057\u3066\u8a8d\u3081\u3089\u308c\u308b\u5834\u5408\u304c\u3042\u308a\u307e\u3059\u3002 \u65e5\u672c\u8a9e\u3092\u5b66\u3093\u3067\u3044\u308b\u5b66\u751f\u3082\u3001JOY\u306e\u6e96\u4f1a\u54e1\u3068\u3057\u3066\u7533\u3057\u8fbc\u3080\u3053\u3068\u304c\u3067\u304d\u307e\u3059\u3002 Hakijan tulee l\u00e4hett\u00e4\u00e4 yhdistykselle j\u00e4senanomus, joka sis\u00e4lt\u00e4\u00e4 henkil\u00f6tiedot ja lyhyen ty\u00f6historian (esim. CV:n muodossa). Hakemus l\u00e4hetet\u00e4\u00e4n hallitukselle [&hellip;]<\/p>\n","protected":false},"author":1,"featured_media":0,"parent":21,"menu_order":1,"comment_status":"closed","ping_status":"closed","template":"page-templates\/full-width.php","meta":{"footnotes":""},"class_list":["post-11","page","type-page","status-publish","hentry"],"_links":{"self":[{"href":"https:\/\/nihongo.fi\/index.php?rest_route=\/wp\/v2\/pages\/11","targetHints":{"allow":["GET"]}}],"collection":[{"href":"https:\/\/nihongo.fi\/index.php?rest_route=\/wp\/v2\/pages"}],"about":[{"href":"https:\/\/nihongo.fi\/index.php?rest_route=\/wp\/v2\/types\/page"}],"author":[{"embeddable":true,"href":"https:\/\/nihongo.fi\/index.php?rest_route=\/wp\/v2\/users\/1"}],"replies":[{"embeddable":true,"href":"https:\/\/nihongo.fi\/index.php?rest_route=%2Fwp%2Fv2%2Fcomments&post=11"}],"version-history":[{"count":29,"href":"https:\/\/nihongo.fi\/index.php?rest_route=\/wp\/v2\/pages\/11\/revisions"}],"predecessor-version":[{"id":867,"href":"https:\/\/nihongo.fi\/index.php?rest_route=\/wp\/v2\/pages\/11\/revisions\/867"}],"up":[{"embeddable":true,"href":"https:\/\/nihongo.fi\/index.php?rest_route=\/wp\/v2\/pages\/21"}],"wp:attachment":[{"href":"https:\/\/nihongo.fi\/index.php?rest_route=%2Fwp%2Fv2%2Fmedia&parent=11"}],"curies":[{"name":"wp","href":"https:\/\/api.w.org\/{rel}","templated":true}]}}