{"id":122,"date":"2020-06-30T08:15:21","date_gmt":"2020-06-30T08:15:21","guid":{"rendered":"http:\/\/nihongo.fi\/?page_id=122"},"modified":"2022-04-18T03:27:03","modified_gmt":"2022-04-18T00:27:03","slug":"japanin-kielen-aantaminen","status":"publish","type":"page","link":"https:\/\/nihongo.fi\/?page_id=122","title":{"rendered":"Japanin kielen \u00e4\u00e4nt\u00e4minen"},"content":{"rendered":"<p><a href=\"https:\/\/yle.fi\/aihe\/artikkeli\/2013\/03\/17\/japanin-kielen-aantaminen\"><span style=\"color: #000000;\">YLE oppiminen: Kielioppia (Pia Matilainen)<\/span><\/a><\/p>\n<p><span style=\"color: #000000;\"><a style=\"color: #000000;\" href=\"http:\/\/www.gavo.t.u-tokyo.ac.jp\/ojad\/eng\/pages\/home\">Online Japanese Accent Dictionary<\/a><\/span><\/p>\n<p><span style=\"color: #000000;\"><a style=\"color: #000000;\" href=\"https:\/\/accent.u-biq.org\/\">\u65e5\u672c\u8a9e\u6559\u80b2\u7528\u30a2\u30af\u30bb\u30f3\u30c8\u8f9e\u5178<\/a><\/span><\/p>\n","protected":false},"excerpt":{"rendered":"<p>YLE oppiminen: Kielioppia (Pia Matilainen) Online Japanese Accent Dictionary \u65e5\u672c\u8a9e\u6559\u80b2\u7528\u30a2\u30af\u30bb\u30f3\u30c8\u8f9e\u5178<\/p>\n","protected":false},"author":1,"featured_media":0,"parent":107,"menu_order":6,"comment_status":"closed","ping_status":"closed","template":"page-templates\/full-width.php","meta":{"footnotes":""},"class_list":["post-122","page","type-page","status-publish","hentry"],"_links":{"self":[{"href":"https:\/\/nihongo.fi\/index.php?rest_route=\/wp\/v2\/pages\/122","targetHints":{"allow":["GET"]}}],"collection":[{"href":"https:\/\/nihongo.fi\/index.php?rest_route=\/wp\/v2\/pages"}],"about":[{"href":"https:\/\/nihongo.fi\/index.php?rest_route=\/wp\/v2\/types\/page"}],"author":[{"embeddable":true,"href":"https:\/\/nihongo.fi\/index.php?rest_route=\/wp\/v2\/users\/1"}],"replies":[{"embeddable":true,"href":"https:\/\/nihongo.fi\/index.php?rest_route=%2Fwp%2Fv2%2Fcomments&post=122"}],"version-history":[{"count":5,"href":"https:\/\/nihongo.fi\/index.php?rest_route=\/wp\/v2\/pages\/122\/revisions"}],"predecessor-version":[{"id":255,"href":"https:\/\/nihongo.fi\/index.php?rest_route=\/wp\/v2\/pages\/122\/revisions\/255"}],"up":[{"embeddable":true,"href":"https:\/\/nihongo.fi\/index.php?rest_route=\/wp\/v2\/pages\/107"}],"wp:attachment":[{"href":"https:\/\/nihongo.fi\/index.php?rest_route=%2Fwp%2Fv2%2Fmedia&parent=122"}],"curies":[{"name":"wp","href":"https:\/\/api.w.org\/{rel}","templated":true}]}}