{"id":129,"date":"2020-07-01T06:56:26","date_gmt":"2020-07-01T06:56:26","guid":{"rendered":"http:\/\/nihongo.fi\/?page_id=129"},"modified":"2022-04-18T03:24:21","modified_gmt":"2022-04-18T00:24:21","slug":"japaniin-liittyvia-yhdistyksia-suomessa","status":"publish","type":"page","link":"https:\/\/nihongo.fi\/?page_id=129","title":{"rendered":"Japaniin liittyv\u00e4t yhdistykset ja organisaatiot Suomessa"},"content":{"rendered":"<p><span style=\"color: #008000;\"><strong>Yhdistykset:<\/strong><\/span><\/p>\n<p><a href=\"http:\/\/www.suomi-japani.net\/\"><span style=\"color: #000000;\">Suomalais- Japanilainen Yhdistys ry<\/span><\/a><\/p>\n<p><span style=\"color: #000000;\"><a style=\"color: #000000;\" href=\"http:\/\/japaninkulttuuri.net\/\">Japanilaisen kulttuurin yst\u00e4v\u00e4t ry<\/a><\/span><\/p>\n<p><span style=\"color: #000000;\"><a style=\"color: #000000;\" href=\"http:\/\/japanitalo.fi\/\">Japanitalo<\/a><\/span><\/p>\n<p><span style=\"color: #000000;\"><a style=\"color: #000000;\" href=\"http:\/\/www.urasenke.fi\/\">Suomen Chado Urasenke Tankokai Finland Yhdistys ry\/ \u8336\u9053\u88cf\u5343\u5bb6\u6de1\u4ea4\u4f1a\u30d5\u30a3\u30f3\u30e9\u30f3\u30c9\u5354\u4f1a<\/a><\/span><\/p>\n<p><a href=\"https:\/\/www.sogetsuikebanafinland.net\/\"><span style=\"color: #000000;\">Suomen Sogetsu-ikebana ry<\/span><\/a><\/p>\n<p><span style=\"color: #008000;\"><strong>Hanke:<\/strong><\/span><\/p>\n<p><a href=\"https:\/\/aasianjaafrikankielet.wordpress.com\/2019\/06\/17\/hankkeen-seminaari-3-9-2019\/\"><span style=\"color: #000000;\">Aasian ja Afrikan kielten hanke<\/span><\/a><\/p>\n<p><a href=\"http:\/\/www.rajamaenlukio.fi\/ippo-hanke\/260852641235486\/\"><span style=\"color: #000000;\">Ippo-Japanin peruskoulussa ja lukiossa<\/span><\/a><\/p>\n<p><a href=\"https:\/\/ippohanke.wordpress.com\/\"><span style=\"color: #000000;\">Ippo-hanke: blog<\/span><\/a><\/p>\n<p><span style=\"color: #000000;\"><a style=\"color: #000000;\" href=\"https:\/\/www.japanixi.fi\/\">JapaNixi<\/a><\/span><\/p>\n<p><strong><span style=\"color: #339966;\">Blogi:<\/span><\/strong><\/p>\n<p><a href=\"https:\/\/uniensilta.com\/\"><span style=\"color: #333333;\">Unien kelluvalla sillalla (Pirjo-Riitta Kuusikko)<\/span><\/a><\/p>\n<p><span style=\"color: #008000;\"><strong>Opiskelijayhdistykset:<\/strong><\/span><\/p>\n<p><span style=\"color: #000000;\"><a style=\"color: #000000;\" href=\"https:\/\/blogs.helsinki.fi\/karavaani\/\">Aasian, Afrikan ja L\u00e4hi-id\u00e4n opiskelijoiden ainej\u00e4rjest\u00f6 (Helsingin yliopisto)<\/a><\/span><\/p>\n<p><span style=\"color: #000000;\"><a style=\"color: #000000;\" href=\"https:\/\/nippoli.fi\/\">Nippoli<\/a><\/span><\/p>\n<p><span style=\"color: #000000;\"><a style=\"color: #000000;\" href=\"https:\/\/www.oulu.fi\/Harukaze\/Harukaze_main.html\">Harukaze (Oulun yliopisto)<\/a><\/span><\/p>\n<p><span style=\"color: #008000;\"><strong>Organisaatiot:<\/strong><\/span><\/p>\n<p><a href=\"https:\/\/www.fi.emb-japan.go.jp\/itprtop_fi\/index.html\"><span style=\"color: #000000;\">Japanin Suomen-suurl\u00e4hetyst\u00f6<\/span><\/a><\/p>\n","protected":false},"excerpt":{"rendered":"<p>Yhdistykset: Suomalais- Japanilainen Yhdistys ry Japanilaisen kulttuurin yst\u00e4v\u00e4t ry Japanitalo Suomen Chado Urasenke Tankokai Finland Yhdistys ry\/ \u8336\u9053\u88cf\u5343\u5bb6\u6de1\u4ea4\u4f1a\u30d5\u30a3\u30f3\u30e9\u30f3\u30c9\u5354\u4f1a Suomen Sogetsu-ikebana ry Hanke: Aasian ja Afrikan kielten hanke Ippo-Japanin peruskoulussa ja lukiossa Ippo-hanke: blog JapaNixi Blogi: Unien kelluvalla sillalla (Pirjo-Riitta Kuusikko) Opiskelijayhdistykset: Aasian, Afrikan ja L\u00e4hi-id\u00e4n opiskelijoiden ainej\u00e4rjest\u00f6 (Helsingin yliopisto) Nippoli Harukaze (Oulun yliopisto) Organisaatiot: Japanin [&hellip;]<\/p>\n","protected":false},"author":1,"featured_media":0,"parent":107,"menu_order":2,"comment_status":"closed","ping_status":"closed","template":"page-templates\/full-width.php","meta":{"footnotes":""},"class_list":["post-129","page","type-page","status-publish","hentry"],"_links":{"self":[{"href":"https:\/\/nihongo.fi\/index.php?rest_route=\/wp\/v2\/pages\/129","targetHints":{"allow":["GET"]}}],"collection":[{"href":"https:\/\/nihongo.fi\/index.php?rest_route=\/wp\/v2\/pages"}],"about":[{"href":"https:\/\/nihongo.fi\/index.php?rest_route=\/wp\/v2\/types\/page"}],"author":[{"embeddable":true,"href":"https:\/\/nihongo.fi\/index.php?rest_route=\/wp\/v2\/users\/1"}],"replies":[{"embeddable":true,"href":"https:\/\/nihongo.fi\/index.php?rest_route=%2Fwp%2Fv2%2Fcomments&post=129"}],"version-history":[{"count":9,"href":"https:\/\/nihongo.fi\/index.php?rest_route=\/wp\/v2\/pages\/129\/revisions"}],"predecessor-version":[{"id":320,"href":"https:\/\/nihongo.fi\/index.php?rest_route=\/wp\/v2\/pages\/129\/revisions\/320"}],"up":[{"embeddable":true,"href":"https:\/\/nihongo.fi\/index.php?rest_route=\/wp\/v2\/pages\/107"}],"wp:attachment":[{"href":"https:\/\/nihongo.fi\/index.php?rest_route=%2Fwp%2Fv2%2Fmedia&parent=129"}],"curies":[{"name":"wp","href":"https:\/\/api.w.org\/{rel}","templated":true}]}}