{"id":13,"date":"2015-10-18T17:56:57","date_gmt":"2015-10-18T17:56:57","guid":{"rendered":"http:\/\/nihongo.fi\/?page_id=13"},"modified":"2024-08-05T11:53:43","modified_gmt":"2024-08-05T08:53:43","slug":"jlpt-taitotasokoe","status":"publish","type":"page","link":"https:\/\/nihongo.fi\/?page_id=13","title":{"rendered":"JLPT-taitotasokoe\/ \u65e5\u672c\u8a9e\u80fd\u529b\u8a66\u9a13"},"content":{"rendered":"<p>Vuoden <strong>2024 JLPT (Japanese Language Proficiency Test)<\/strong> eli Japanin kielen taitotasokoe j\u00e4rjestet\u00e4\u00e4n sunnuntaina <strong>1.12.2024. <\/strong>Ilmoittautumisaika on <strong>1.8. \u2013 30.8.2024.<\/strong><br \/>\nKoe j\u00e4rjestet\u00e4\u00e4n Helsingin yliopistolla.<\/p>\n<p>Nouda koeinformaatio, ilmoittautumislomake sek\u00e4 maksu- ja t\u00e4ytt\u00f6ohjeet suurl\u00e4hetyst\u00f6st\u00e4 (Fabianinkatu 21, Helsinki klo 9.00-16.00). Voit my\u00f6s ladata ja tulostaa lomakkeet suurl\u00e4hetyst\u00f6n kotisivuilta. <a href=\"https:\/\/www.fi.emb-japan.go.jp\/itpr_fi\/c_000199_00001.html\">https:\/\/www.fi.emb-japan.go.jp\/itpr_fi\/c_000199_00001.html<\/a><\/p>\n<p><strong>Japanese Language Proficiency Test (JLPT)<\/strong> in 2024 will be organized on Sunday, <strong>the 1st of December, 2024. <\/strong>Application period is <strong>1st of August \u2013 31th of August 2024.<\/strong><br \/>\nThe test will be held at the University of Helsinki .<\/p>\n<p>Please pick up the application documents and guidelines from the Embassy (Fabianinkatu 21, Helsinki at 9:00-16:00). You may also download the documents from our website. <a href=\"https:\/\/www.fi.emb-japan.go.jp\/itpr_fi\/c_000199_00001.html\" target=\"_blank\" rel=\"noopener noreferrer\">https:\/\/www.fi.emb-japan.go.jp\/itpr_fi\/c_000199_00001.html<\/a><\/p>\n<p><span style=\"color: #000000;\">2005\u5e74\u304b\u3089\u30d5\u30a3\u30f3\u30e9\u30f3\u30c9\u3067JLPT\uff08\u65e5\u672c\u8a9e\u80fd\u529b\u8a66\u9a13\uff09\u304c\u958b\u50ac\u3055\u308c\u3066\u3044\u307e\u3059\u3002\u3053\u306e\u8a66\u9a13\u306f\u56fd\u969b\u7684\u306a\u3082\u306e\u3067\u3001\u958b\u50ac\u56fd\u306b\u3082\u3088\u308a\u307e\u3059\u304c\u3001\u5e74\u306b1\u30012\u56de\u5b9f\u65bd\u3055\u308c\u307e\u3059\u3002 \u5317\u6b27\u8af8\u56fd\u306e\u3046\u3061\u3001\u30d5\u30a3\u30f3\u30e9\u30f3\u30c9\u3001\u30c7\u30f3\u30de\u30fc\u30af\u3001\u30b9\u30a6\u30a7\u30fc\u30c7\u30f3\u3060\u3051\u304c\u73fe\u5728\u8a66\u9a13\u3092\u53d7\u3051\u308b\u6a5f\u4f1a\u304c\u3042\u308a\u307e\u3059\u3002<\/span><\/p>\n","protected":false},"excerpt":{"rendered":"<p>Vuoden 2024 JLPT (Japanese Language Proficiency Test) eli Japanin kielen taitotasokoe j\u00e4rjestet\u00e4\u00e4n sunnuntaina 1.12.2024. Ilmoittautumisaika on 1.8. \u2013 30.8.2024. Koe j\u00e4rjestet\u00e4\u00e4n Helsingin yliopistolla. Nouda koeinformaatio, ilmoittautumislomake sek\u00e4 maksu- ja t\u00e4ytt\u00f6ohjeet suurl\u00e4hetyst\u00f6st\u00e4 (Fabianinkatu 21, Helsinki klo 9.00-16.00). Voit my\u00f6s ladata ja tulostaa lomakkeet suurl\u00e4hetyst\u00f6n kotisivuilta. https:\/\/www.fi.emb-japan.go.jp\/itpr_fi\/c_000199_00001.html Japanese Language Proficiency Test (JLPT) in 2024 will be organized [&hellip;]<\/p>\n","protected":false},"author":1,"featured_media":0,"parent":0,"menu_order":3,"comment_status":"closed","ping_status":"closed","template":"page-templates\/full-width.php","meta":{"footnotes":""},"class_list":["post-13","page","type-page","status-publish","hentry"],"_links":{"self":[{"href":"https:\/\/nihongo.fi\/index.php?rest_route=\/wp\/v2\/pages\/13","targetHints":{"allow":["GET"]}}],"collection":[{"href":"https:\/\/nihongo.fi\/index.php?rest_route=\/wp\/v2\/pages"}],"about":[{"href":"https:\/\/nihongo.fi\/index.php?rest_route=\/wp\/v2\/types\/page"}],"author":[{"embeddable":true,"href":"https:\/\/nihongo.fi\/index.php?rest_route=\/wp\/v2\/users\/1"}],"replies":[{"embeddable":true,"href":"https:\/\/nihongo.fi\/index.php?rest_route=%2Fwp%2Fv2%2Fcomments&post=13"}],"version-history":[{"count":35,"href":"https:\/\/nihongo.fi\/index.php?rest_route=\/wp\/v2\/pages\/13\/revisions"}],"predecessor-version":[{"id":832,"href":"https:\/\/nihongo.fi\/index.php?rest_route=\/wp\/v2\/pages\/13\/revisions\/832"}],"wp:attachment":[{"href":"https:\/\/nihongo.fi\/index.php?rest_route=%2Fwp%2Fv2%2Fmedia&parent=13"}],"curies":[{"name":"wp","href":"https:\/\/api.w.org\/{rel}","templated":true}]}}