{"id":134,"date":"2020-07-01T07:03:11","date_gmt":"2020-07-01T07:03:11","guid":{"rendered":"http:\/\/nihongo.fi\/?page_id=134"},"modified":"2022-10-25T20:24:27","modified_gmt":"2022-10-25T17:24:27","slug":"online-resussit","status":"publish","type":"page","link":"https:\/\/nihongo.fi\/?page_id=134","title":{"rendered":"Open access resussit: japanin kieli"},"content":{"rendered":"<p>Sivusto p\u00e4ivitet\u00e4\u00e4n!<\/p>\n<p><strong>Japanin kieli:<\/strong><\/p>\n<p><a href=\"http:\/\/www.suomi-japani.net\/?page_id=2249\"><span style=\"color: #000000;\">Tietoa Japanin kielest\u00e4 (Suomalais-JapanilaiNen Yhdistys, Aino Haavisto, Pyry Kontio, Riikka L\u00e4nsisalmi, Milla Molarius, Saana Santalahti, Jenna Tavasti ja Valtteri Vuorikoski)<\/span><\/a><\/p>\n<p><span style=\"color: #000000;\"><a style=\"color: #000000;\" href=\"https:\/\/yle.fi\/aihe\/artikkeli\/2015\/12\/15\/japani\">Japani (YLE, Pia Matilainen and Kaori Maezono)<\/a><\/span><\/p>\n<p><a href=\"https:\/\/www.japanixi.fi\/\"><span style=\"color: #000000;\">JapaNixi<\/span><\/a><\/p>\n<p><span style=\"color: #000000;\"><a style=\"color: #000000;\" href=\"https:\/\/nihongo-e-na.com\/eng\/\">Portal for Learning Japanese: NIHONGO e\u306a<\/a><\/span><\/p>\n<p><span style=\"color: #000000;\"><a style=\"color: #000000;\" href=\"https:\/\/japanikikat.blogspot.com\/\">Japanin opiskeluun hy\u00f6dyllisi\u00e4 applikaatioita ja tekniikoita (Eetu Aalto)<\/a><\/span><\/p>\n<p><a href=\"http:\/\/anime-manga.jp\/\"><span style=\"color: #000000;\">Japanese in Anime &amp; Manga: \u30a2\u30cb\u30e1\u30fb\u30de\u30f3\u30ac\u306e\u65e5\u672c\u8a9e<\/span><\/a><\/p>\n<p><a href=\"http:\/\/www.coelang.tufs.ac.jp\/mt\/ja\/\"><span style=\"color: #000000;\">\u6771\u4eac\u5916\u56fd\u8a9e\u5927\u5b66\u8a00\u8a9e\u30e2\u30b8\u30e5\u30fc\u30eb<\/span><\/a><\/p>\n<p><a href=\"https:\/\/www.erin.jpf.go.jp\/?fbclid=IwAR38pa6k6_mBCDAgeXUBljOn7uA4ssnh-OhvEnEZw6uet5sRDruqUFowgZA\"><span style=\"color: #000000;\">\u300c\u30a8\u30ea\u30f3\u304c\u6311\u6226\uff01\u306b\u307b\u3093\u3054\u3067\u304d\u307e\u3059\u3002\u300d\u30b3\u30f3\u30c6\u30f3\u30c4\u30e9\u30a4\u30d6\u30e9\u30ea\u30fc<\/span> <\/a><\/p>\n<p><a href=\"https:\/\/www.kanken.or.jp\/kanken\/trivia\/\"><span style=\"color: #000000;\">\u3069\u308c\u3060\u3051\u77e5\u3063\u3066\u308b\uff1f\u6f22\u5b57\u306e\u8c46\u77e5\u8b58\uff08\u65e5\u672c\u6f22\u5b57\u80fd\u529b\u691c\u5b9a\uff09<\/span><\/a><\/p>\n<p><span style=\"color: #000000;\"><a style=\"color: #000000;\" href=\"https:\/\/www.tofugu.com\/\">Tofugu: Japanese learning resources<\/a><\/span><\/p>\n<p><span style=\"color: #000000;\"><a style=\"color: #000000;\" href=\"http:\/\/genki.japantimes.co.jp\/self_en\">\u521d\u7d1a\u65e5\u672c\u8a9e\u3000\u3052\u3093\u304d\u3000Genki-Online<\/a><\/span><\/p>\n<p><span style=\"color: #000000;\"><a style=\"color: #000000;\" href=\"http:\/\/10ct.co.jp\/e_learning_new\/system\/\">\u660e\u6cbb\u5927\u5b66 e-Learning System<\/a><\/span><\/p>\n<p><span style=\"color: #000000;\"><a style=\"color: #000000;\" href=\"http:\/\/www.coscom.co.jp\/index.html\">CosCom Learn Japanese<\/a><\/span><\/p>\n<p><span style=\"color: #000000;\"><a style=\"color: #000000;\" href=\"https:\/\/yomujp.com\/\">\u65e5\u672c\u8a9e\u591a\u8aad\u9053\u5834<\/a><\/span><\/p>\n<p><a href=\"https:\/\/www.sljfaq.org\/afaq\/afaq.html\"><span style=\"color: #000000;\">sci.lang. japan Frequently Asked Questions<\/span><\/a><\/p>\n<p><a href=\"http:\/\/laits.utexas.edu\/japanese\/joshu\/index.php\"><span style=\"color: #000000;\">JOSHU-Japanese Online Self-Help Utility (UT Austin Japanese Program)<\/span><\/a><\/p>\n<p><a href=\"http:\/\/www.japanese-language.aiyori.org\/index.html\"><span style=\"color: #000000;\">Japanese-Learning Aiyori org<\/span><\/a><\/p>\n<p><a href=\"https:\/\/www.jpf.go.jp\/e\/project\/japanese\/survey\/result\/\"><span style=\"color: #000000;\">Japan Foundation\/\u56fd\u969b\u4ea4\u6d41\u57fa\u91d1<\/span><\/a><\/p>\n<p><span style=\"color: #000000;\"><a style=\"color: #000000;\" href=\"https:\/\/www.jpf.go.jp\/j\/project\/japanese\/teach\/tsushin\/index.html?fbclid=IwAR1n0dBDULzQ-c-pnIOgdA5oaIpJOPXf2uCNGUo9NrZANwBH85Lk2zjKxGQ\">Japan Foundation\/\u56fd\u969b\u4ea4\u6d41\u57fa\u91d1\u3000\u65e5\u672c\u8a9e\u6559\u80b2\u901a\u4fe1<\/a><\/span><\/p>\n<p><span style=\"color: #000000;\"><a style=\"color: #000000;\" href=\"https:\/\/jfstandard.jp\/summaryen\/ja\/render.do\">JF\u65e5\u672c\u8a9e\u6559\u80b2\u30b9\u30bf\u30f3\u30c0\u30fc\u30c9<\/a><\/span><\/p>\n<p><a href=\"https:\/\/tsunagarujp.bunka.go.jp\/?lang_id=JA\"><span style=\"color: #000000;\">\u3064\u306a\u304c\u308b\u3072\u308d\u304c\u308b\u3000\u306b\u307b\u3093\u3054\u3067\u306e\u304f\u3089\u3057<\/span><\/a><span style=\"color: #000000;\">\uff08<\/span>\u6587\u5316\u5e81\uff09<\/p>\n<p><span style=\"color: #000000;\"><a style=\"color: #000000;\" href=\"https:\/\/www.irodori-online.jpf.go.jp\/?fbclid=IwAR229ZnU8uiiQpJmw_R7KEB-qHqp9n_TuTYLYacnI8MXex_mn0nqM6y4MyU\">Irodori Japanese online course<\/a> (Japan Foundation)<\/span><\/p>\n<p><a href=\"https:\/\/aoe.fi\/#\/etusivu\"><span style=\"color: #000000;\">Library of Open Education Resources<\/span><\/a><span style=\"color: #000000;\"><a style=\"color: #000000;\" href=\"https:\/\/aoe.fi\/#\/etusivu\"> (<span class=\"d2edcug0 hpfvmrgz qv66sw1b c1et5uql lr9zc1uh a8c37x1j keod5gw0 nxhoafnm aigsh9s9 d3f4x2em fe6kdd0r mau55g9w c8b282yb iv3no6db jq4qci2q a3bd9o3v knj5qynh oo9gr5id hzawbc8m\" dir=\"auto\">Laita hakukent\u00e4lle esim. &#8220;japanin kieli&#8221;)<\/span><\/a><\/span><\/p>\n<p><a href=\"https:\/\/www.wanikani.com\/vocabulary\/%E6%97%A5%E6%9C%AC%E8%AA%9E\"><span style=\"color: #000000;\">WaniKani\u65e5\u672c\u8a9e<\/span><\/a><\/p>\n<p>&nbsp;<\/p>\n","protected":false},"excerpt":{"rendered":"<p>Sivusto p\u00e4ivitet\u00e4\u00e4n! Japanin kieli: Tietoa Japanin kielest\u00e4 (Suomalais-JapanilaiNen Yhdistys, Aino Haavisto, Pyry Kontio, Riikka L\u00e4nsisalmi, Milla Molarius, Saana Santalahti, Jenna Tavasti ja Valtteri Vuorikoski) Japani (YLE, Pia Matilainen and Kaori Maezono) JapaNixi Portal for Learning Japanese: NIHONGO e\u306a Japanin opiskeluun hy\u00f6dyllisi\u00e4 applikaatioita ja tekniikoita (Eetu Aalto) Japanese in Anime &amp; Manga: \u30a2\u30cb\u30e1\u30fb\u30de\u30f3\u30ac\u306e\u65e5\u672c\u8a9e \u6771\u4eac\u5916\u56fd\u8a9e\u5927\u5b66\u8a00\u8a9e\u30e2\u30b8\u30e5\u30fc\u30eb \u300c\u30a8\u30ea\u30f3\u304c\u6311\u6226\uff01\u306b\u307b\u3093\u3054\u3067\u304d\u307e\u3059\u3002\u300d\u30b3\u30f3\u30c6\u30f3\u30c4\u30e9\u30a4\u30d6\u30e9\u30ea\u30fc \u3069\u308c\u3060\u3051\u77e5\u3063\u3066\u308b\uff1f\u6f22\u5b57\u306e\u8c46\u77e5\u8b58\uff08\u65e5\u672c\u6f22\u5b57\u80fd\u529b\u691c\u5b9a\uff09 [&hellip;]<\/p>\n","protected":false},"author":1,"featured_media":0,"parent":107,"menu_order":3,"comment_status":"closed","ping_status":"closed","template":"page-templates\/full-width.php","meta":{"footnotes":""},"class_list":["post-134","page","type-page","status-publish","hentry"],"_links":{"self":[{"href":"https:\/\/nihongo.fi\/index.php?rest_route=\/wp\/v2\/pages\/134","targetHints":{"allow":["GET"]}}],"collection":[{"href":"https:\/\/nihongo.fi\/index.php?rest_route=\/wp\/v2\/pages"}],"about":[{"href":"https:\/\/nihongo.fi\/index.php?rest_route=\/wp\/v2\/types\/page"}],"author":[{"embeddable":true,"href":"https:\/\/nihongo.fi\/index.php?rest_route=\/wp\/v2\/users\/1"}],"replies":[{"embeddable":true,"href":"https:\/\/nihongo.fi\/index.php?rest_route=%2Fwp%2Fv2%2Fcomments&post=134"}],"version-history":[{"count":28,"href":"https:\/\/nihongo.fi\/index.php?rest_route=\/wp\/v2\/pages\/134\/revisions"}],"predecessor-version":[{"id":666,"href":"https:\/\/nihongo.fi\/index.php?rest_route=\/wp\/v2\/pages\/134\/revisions\/666"}],"up":[{"embeddable":true,"href":"https:\/\/nihongo.fi\/index.php?rest_route=\/wp\/v2\/pages\/107"}],"wp:attachment":[{"href":"https:\/\/nihongo.fi\/index.php?rest_route=%2Fwp%2Fv2%2Fmedia&parent=134"}],"curies":[{"name":"wp","href":"https:\/\/api.w.org\/{rel}","templated":true}]}}