{"id":15,"date":"2015-10-18T17:57:13","date_gmt":"2015-10-18T17:57:13","guid":{"rendered":"http:\/\/nihongo.fi\/?page_id=15"},"modified":"2022-04-20T22:44:05","modified_gmt":"2022-04-20T19:44:05","slug":"usein-kysyttyja-kysymyksia-jlptsta","status":"publish","type":"page","link":"https:\/\/nihongo.fi\/?page_id=15","title":{"rendered":"Usein kysyttyj\u00e4 kysymyksi\u00e4 JLPT:st\u00e4\/ \u65e5\u672c\u8a9e\u80fd\u529b\u8a66\u9a13\u306b\u95a2\u3059\u308b\u3088\u304f\u3042\u308b\u8cea\u554f"},"content":{"rendered":"<p><span style=\"color: #ff0000;\">Q1: Minulla on viel\u00e4 kysytt\u00e4v\u00e4\u00e4 tai ongelmia koskien JLPT:t\u00e4. Mihin voin ottaa yhteytt\u00e4?<\/span><br \/>\n<span style=\"color: #000000;\">A: <strong>Voit olla yhteydess\u00e4 s\u00e4hk\u00f6postitse <a style=\"color: #000000;\" href=\"mailto:culture@hk.mofa.go.jp\"><span style=\"color: #0000ff;\">Japanin suurl\u00e4hetyst\u00f6n kulttuuriosastoon<\/span><\/a><\/strong>. <strong>Lue ennen yhteydenottoa seuraavat tavanomaisimmat kysymykset ja niiden vastaukset alla<\/strong>, jos niist\u00e4 l\u00f6ytyisi apua kysymyksiisi.<\/span><\/p>\n<p><span style=\"color: #ff0000;\">Q2: Voinko ilmoittautua testiin ymp\u00e4ri vuoden?<\/span><br \/>\n<span style=\"color: #000000;\">A: Testiin voi ilmoittautua ainoastaan <strong>ilmoittautumisaikana syksyll\u00e4.<\/strong><\/span><\/p>\n<p><span style=\"color: #ff0000;\">Q3: J\u00e4rjestet\u00e4\u00e4nk\u00f6 JLPT Suomessa kaksi kertaa vuodessa, hein\u00e4kuussa ja joulukuussa?<\/span><br \/>\n<span style=\"color: #000000;\">A: Ei. <strong>Suomessa JLPT j\u00e4rjestet\u00e4\u00e4n ainoastaan kerran vuodessa,<\/strong> joulukuun ensimm\u00e4isen\u00e4 sunnuntaina. Muissa j\u00e4rjest\u00e4j\u00e4maissa koe saatetaan j\u00e4rjest\u00e4\u00e4 my\u00f6s hein\u00e4kuussa, mutta <strong>varmista t\u00e4m\u00e4 j\u00e4rjest\u00e4j\u00e4lt\u00e4<a href=\"http:\/\/www.fi.emb-japan.go.jp\"><span style=\"color: #0000ff;\"> ennen ilmoittautumista<\/span><\/a>.<\/strong><\/span><\/p>\n<p><span style=\"color: #ff0000;\">Q4: Mist\u00e4 voin noutaa ilmoittautumiskaavakkeen?<\/span><br \/>\n<span style=\"color: #000000;\">A: Ilmoittautumiskaavake joko<strong> ladataan ja tulostetaan internetist\u00e4 tai hakulomakkeita voi my\u00f6s noutaa Japanin suurl\u00e4hetyst\u00f6st\u00e4 rajoitetussa m\u00e4\u00e4rin.<\/strong> Katso tarkemmat tiedot <span style=\"color: #0000ff;\"><strong><a style=\"color: #0000ff;\" href=\"http:\/\/www.fi.emb-japan.go.jp\">suurl\u00e4hetyst\u00f6n sivuilta<\/a>.<\/strong><\/span><\/span><\/p>\n<p><span style=\"color: #ff0000;\">Q5: Minne ilmoittautumislomakkeet palautetaan?<\/span><br \/>\n<span style=\"color: #000000;\">A: Ilmoittautumislomakkeet tulee <strong>postittaa osoitteeseen. <\/strong>HUOM! <strong>Kirjoita kuoreen my\u00f6s mink\u00e4 tason kokeeseen (N1-N5) ilmoittaudut.):<\/strong><\/span><\/p>\n<p style=\"padding-left: 30px;\"><strong><span style=\"color: #000000;\">Japanin suurl\u00e4hetyst\u00f6\/JLPT taso XX<\/span><\/strong><br \/>\n<strong><span style=\"color: #000000;\">Unioninkatu 20-22<\/span><\/strong><br \/>\n<strong><span style=\"color: #000000;\">00130 HELSINKI<\/span><\/strong><\/p>\n<p><span style=\"color: #0000ff;\"><span style=\"color: #ff0000;\">Q6: Voinko tuoda t\u00e4ytetyt ilmoittautumislomakkeet henkil\u00f6kohtaisesti viimeisen\u00e4 ilmoittautumisp\u00e4iv\u00e4n\u00e4?<\/span><\/span><br \/>\n<span style=\"color: #000000;\">A: \u00a0Ilmoittautumislomake tulee<strong> palauttaa Japanin suurl\u00e4hetyst\u00f6\u00f6n hakuaikana postitse tai tuomalla asiakaspalveluun. <\/strong>HUOM! <strong>Kirjoita kuoreen my\u00f6s mink\u00e4 tason kokeeseen (N1-N5) ilmoittaudut.)<\/strong><\/span><\/p>\n<p><span style=\"color: #ff0000;\">Q7: Voinko ilmoittautua testiin s\u00e4hk\u00f6postilla?<\/span><br \/>\n<span style=\"color: #000000;\">A: <strong>Et. Testiin voi ilmoittautua ainoastaan virallisella ilmoittautumislomakkeella ks. yll\u00e4.<\/strong><\/span><\/p>\n<p><span style=\"color: #ff0000;\">Q8: En ole varma, olenko Suomessa testin aikaan. Voinko kuitenkin ilmoittautua testiin Helsingiss\u00e4 ja tehd\u00e4 sen sitten Japanissa, jos olenkin joulukuussa siell\u00e4?<\/span><br \/>\n<span style=\"color: #000000;\">A: Jos ilmoittaudut testiin Helsingiss\u00e4, <strong>voit osallistua siihen ainoastaan Helsingiss\u00e4<\/strong>. <strong>Mink\u00e4\u00e4n muun maan testiin ei ole mahdollista ilmoittautua Suomessa<\/strong>. Et my\u00f6sk\u00e4\u00e4n voi ilmoittautua Helsingin testiin miss\u00e4\u00e4n muussa maassa etk\u00e4 vaihtaa testipaikkaa esim. Lontoosta Helsinkiin, jos olet ilmoittautunut testiin Lontoossa.<\/span><\/p>\n<p><span style=\"color: #ff0000;\">Q9: Kuinka kauan testi kest\u00e4\u00e4?<\/span><br \/>\n<span style=\"color: #000000;\">A: <strong>Tarkat testitiedot l\u00e4hetet\u00e4\u00e4n postitse kaikille ilmoittautuneille.<\/strong> Edellisin\u00e4 vuosina osanottajat saapuivat klo 12 vastaanottoa varten, ja kaikkien tasojen tentit loppuivat viimeist\u00e4\u00e4n klo 17. Testin virallisilta sivuilta saa<span style=\"color: #0000ff;\"> <a style=\"color: #0000ff;\" href=\"http:\/\/www.jlpt.jp\/e\/guideline\/testsections.html\"><strong>lis\u00e4tietoa tiettyjen tasojen<\/strong> <strong>testiosuuksien pituudesta<\/strong><\/a><strong>.<\/strong><\/span><\/span><\/p>\n<p><span style=\"color: #ff0000;\">Q10: Miss\u00e4 se j\u00e4rjestet\u00e4\u00e4n?<\/span><br \/>\n<strong><span style=\"color: #000000;\">A: Testin paikka ilmoitetaan ilmoittautumisaikana Japanin suurl\u00e4hetyst\u00f6n sivuilla.<\/span><\/strong><\/p>\n<p><span style=\"color: #ff0000;\">Q11: Voinko osallistua testiin, vaikka en ole maksanut ilmoittautumismaksua?<\/span><br \/>\n<span style=\"color: #000000;\">A: Et. <strong>Maksa testimaksu m\u00e4\u00e4r\u00e4aikaan menness\u00e4 ohjeissa ilmoitetulle tilille. Tarkista, ett\u00e4 maksat oikean tason maksun!<\/strong><\/span><\/p>\n<p><span style=\"color: #ff0000;\">Q12: En tied\u00e4, mille tasolle voisin ilmoittautua? Kuka voi auttaa?<\/span><br \/>\n<strong><span style=\"color: #000000;\">A: Tutustu <span style=\"color: #0000ff;\"><a style=\"color: #0000ff;\" href=\"http:\/\/www.jlpt.jp\/e\/about\/levelsummary.html\">testin tasojen kuvauksiin<\/a><\/span> kokeen <a href=\"http:\/\/www.jlpt.jp\/e\/guideline\/testsections.html\"><span style=\"color: #0000ff;\">virallisilla sivuilla<\/span><\/a> ja p\u00e4\u00e4ttele, mik\u00e4 on itsellesi sopiva taso.<\/span><\/strong><\/p>\n<p><span style=\"color: #ff0000;\">Q13: Ilmoittauduin tasolle 4, mutta haluaisinkin vaihtaa tason ja tehd\u00e4 3-tason testin. Voinko vaihtaa tasoa?<\/span><br \/>\n<span style=\"color: #000000;\">A: Voit tehd\u00e4 testin ainoastaan sill\u00e4 tasolla, jolle olet ilmoittautunut. Jos haluat vaihtaa tason, ota yhteytt\u00e4 testin <\/span><strong><span style=\"color: #000000;\">s\u00e4hk\u00f6postiosoitteeseen <span style=\"color: #0000ff;\"><a style=\"color: #0000ff;\" href=\"culture@hk.mofa.go.jp\">culture (at) hk.mofa.go.jp<\/a><\/span> ennen ilmoittautumisajan p\u00e4\u00e4ttymist\u00e4 ja kerro tilanne. T\u00e4yt\u00e4 uudet ilmoittautumislomakkeet uudestaan ja palauta annettuun osoitteeseen m\u00e4\u00e4r\u00e4aikaan menness\u00e4. Tarkista my\u00f6s, miten tason vaihto vaikuttaa testimaksun suuruuteen. Jos ilmoittautumisaika on jo mennyt umpeen, et voi en\u00e4\u00e4 vaihtaa tasoa.<\/span><\/strong><\/p>\n<p><span style=\"color: #ff0000;\">Q14: En ole aiemmin osallistunut JLPT:een. Voinko ottaa osaa suoraan JLPT 3:een, vai edellytet\u00e4\u00e4nk\u00f6 JLPT 4:n suorittamista ennen JLPT 3?<\/span><br \/>\n<span style=\"color: #000000;\">A: Kyll\u00e4,<strong> voit osallistua suoraan JLPT tasoon 3, vaikka et ole suorittanut tasoa 4.<\/strong><\/span><\/p>\n<p><span style=\"color: #ff0000;\">Q15: Haluaisin osallistua toisen tason tasokokeeseen, mutta ilmoittautuisin my\u00f6s varmuuden vuoksi kolmannen tason kokeeseen. Onkohan mahdollista osallistua kahteen tasoon kerralla?<\/span><br \/>\n<span style=\"color: #000000;\">A: Kokeet ovat yht\u00e4aikaisesti k\u00e4ynniss\u00e4, joten kahteen kokeeseen <strong>ei ole mahdollista osallistua yhdell\u00e4 osallistumiskerralla.<\/strong><\/span><\/p>\n<p><span style=\"color: #ff0000;\">Q16: Onko JLPT-lomakkeeseen liitett\u00e4v\u00e4n valokuvan v\u00e4ltt\u00e4m\u00e4tt\u00e4 oltava kokoa 3cm x 3cm kuten lomakkeessa lukee? Tuonkokoisen kuvan saaminen on aika hankalaa (tavallinen passikuva on 3,6cm x 4,7cm). Tai jos koon on oltava 3cm x 3xm, kelpaako tietokoneella tulostettu oikean kokoinen kuva?<\/span><br \/>\n<span style=\"color: #000000;\">A: Kyll\u00e4 varmasti k\u00e4y, mutta <strong>tulosta valokuvalaatuiselle paperille. Osanottajan kasvojen pit\u00e4\u00e4 selv\u00e4sti n\u00e4ky\u00e4 valokuvissa.<\/strong><\/span><\/p>\n<p><span style=\"color: #ff0000;\">Q17: K\u00e4yv\u00e4th\u00e4n tavalliset passikuvat hakemuksiin kuviksi, vai pit\u00e4\u00e4k\u00f6 jostain hankkia 3cm x 3cm kokoiset kuvat?<\/span><br \/>\n<strong><span style=\"color: #000000;\">A: Voit leikata kuvia v\u00e4h\u00e4n, jotta saat kuvat mahtumaan liimattaviin kohtiin. Ei haittaa, jos kuva ei ole aivan tarkalleen 3cm x 3cm.<\/span><\/strong><\/p>\n<p>&nbsp;<\/p>\n<p><span style=\"color: #ff0000;\">Q1\uff1aJLPT\u306b\u95a2\u3057\u3066\u307e\u3060\u805e\u304d\u305f\u3044\u3053\u3068\u3084\u308f\u304b\u3089\u306a\u3044\u3053\u3068\u304c\u3042\u308a\u307e\u3059\u3002\u8ab0\u306b\u9023\u7d61\u3059\u308c\u3070\u3044\u3044\u3067\u3059\u304b\uff1f<\/span><br \/>\nA\uff1a<strong><span style=\"color: #0000ff;\"><a style=\"color: #0000ff;\" href=\"mailto:culture@hk.mofa.go.jp\">\u65e5\u672c\u5927\u4f7f\u9928\u306e\u6587\u5316\u90e8\u306b\u30e1\u30fc\u30eb<\/a><\/span>\u3067\u9023\u7d61\u3059\u308b\u3053\u3068\u304c\u3067\u304d\u307e\u3059<\/strong>\u3002<strong>\u304a\u554f\u3044\u5408\u308f\u305b\u306e\u524d\u306b\u3001\u4ee5\u4e0b\u306e\u4e00\u822c\u7684\u306a\u8cea\u554f\u3068\u305d\u306e\u56de\u7b54\u3092\u304a\u8aad\u307f\u304f\u3060\u3055\u3044\u3002<\/strong><\/p>\n<p><span style=\"color: #ff0000;\">Q2\uff1a\u4e00\u5e74\u4e2d\u30c6\u30b9\u30c8\u306b\u767b\u9332\u3067\u304d\u307e\u3059\u304b\uff1f<\/span><br \/>\n<strong>A\uff1a\u79cb\u306e\u767b\u9332\u671f\u9593\u4e2d\u306e\u307f<\/strong>\u3001\u30c6\u30b9\u30c8\u306b\u767b\u9332\u3067\u304d\u307e\u3059\u3002<\/p>\n<p><span style=\"color: #ff0000;\">Q3\uff1aJLPT\u306f\u30d5\u30a3\u30f3\u30e9\u30f3\u30c9\u3067\u5e742\u56de\u30017\u6708\u306812\u6708\u306b\u958b\u50ac\u3055\u308c\u307e\u3059\u304b\uff1f<\/span><br \/>\nA\uff1a\u3044\u3044\u3048\u3002<strong>\u30d5\u30a3\u30f3\u30e9\u30f3\u30c9\u3067\u306f\u3001JLPT\u306f\u5e74\u306b1\u56de\u300112\u6708\u306e\u7b2c1\u65e5\u66dc\u65e5\u306b\u958b\u50ac\u3055\u308c\u307e\u3059<\/strong>\u3002\u4ed6\u306e\u958b\u50ac\u56fd\u3067\u306f\u30017\u6708\u306b\u8a66\u9a13\u304c\u884c\u308f\u308c\u308b\u5834\u5408\u3082\u3042\u308a\u307e\u3059\u304c\u3001<strong>\u767b\u9332\u3059\u308b\u524d\u306b<a href=\"http:\/\/www.fi.emb-japan.go.jp\"><span style=\"color: #0000ff;\">\u4e3b\u50ac\u8005\u306b\u78ba\u8a8d<\/span><\/a>\u3057\u3066\u304f\u3060\u3055\u3044\u3002<\/strong><\/p>\n<p><span style=\"color: #ff0000;\">Q4\uff1a\u767b\u9332\u30d5\u30a9\u30fc\u30e0\u306f\u3069\u3053\u3067\u5165\u624b\u3067\u304d\u307e\u3059\u304b\uff1f<\/span><br \/>\nA\uff1a\u767b\u9332\u30d5\u30a9\u30fc\u30e0\u306f<strong>\u30a4\u30f3\u30bf\u30fc\u30cd\u30c3\u30c8\u304b\u3089\u30c0\u30a6\u30f3\u30ed\u30fc\u30c9\u3057\u3066\u5370\u5237\u3059\u308b\u304b\u3001\u65e5\u672c\u5927\u4f7f\u9928\u306b\u3082\u9650\u3089\u308c\u305f\u679a\u6570\u3057\u304b\u3042\u308a\u307e\u305b\u3093\u304c\u3001\u305d\u3053\u3067\u7533\u8acb\u66f8\u3092\u53d7\u3051\u53d6\u308b<\/strong>\u3053\u3068\u3082\u3067\u304d\u307e\u3059\u3002\u8a73\u7d30\u306b\u3064\u3044\u3066\u306f\u3001<a href=\"http:\/\/www.fi.emb-japan.go.jp\"><strong><span style=\"color: #0000ff;\">\u5927\u4f7f\u9928\u306eWeb\u30b5\u30a4\u30c8<\/span><\/strong><\/a>\u3092\u53c2\u7167\u3057\u3066\u304f\u3060\u3055\u3044\u3002<\/p>\n<p><span style=\"color: #ff0000;\">Q5\uff1a\u767b\u9332\u30d5\u30a9\u30fc\u30e0\u306f\u3069\u3053\u306b\u9001\u308c\u3070\u3044\u3044\u3067<\/span><span style=\"color: #ff0000;\">\u3059\u304b\uff1f<\/span><br \/>\nA\uff1a\u767b\u9332\u30d5\u30a9\u30fc\u30e0\u306f<strong>\u3069\u306e\u30ec\u30d9\u30eb\u306e\u8a66\u9a13\uff08N1-N5\uff09\u306b\u767b\u9332\u3059\u308b\u304b\u3092\u5c01\u7b52\u306b\u8a18\u5165<\/strong>\u3057\u3001\u6b21\u306e\u5b9b\u5148\u306b<strong>\u90f5\u9001\u3057\u3066\u304f\u3060\u3055\u3044<\/strong>\u3002<\/p>\n<p><strong><span style=\"color: #000000;\">Japanin suurl\u00e4hetyst\u00f6\/JLPT taso XX<\/span><\/strong><br \/>\n<strong><span style=\"color: #000000;\">Unioninkatu 20-22<\/span><\/strong><br \/>\n<strong><span style=\"color: #000000;\">00130 HELSINKI<\/span><\/strong><\/p>\n<p><span style=\"color: #ff0000;\">Q6\uff1a\u8a18\u5165\u6e08\u307f\u306e\u767b\u9332\u7528\u7d19\u3092\u6700\u7d42\u65e5\u306b\u76f4\u63a5\u6301\u53c2\u3057\u3066\u767b\u9332\u3059\u308b\u3053\u3068\u306f\u3067\u304d\u307e\u3059\u304b\uff1f<\/span><br \/>\nA\uff1a\u767b\u9332\u30d5\u30a9\u30fc\u30e0\u306f\u3001<strong>\u7533\u8acb\u671f\u9593\u4e2d\u306b\u65e5\u672c\u5927\u4f7f\u9928\u306b\u90f5\u9001\u307e\u305f\u306f\u30ab\u30b9\u30bf\u30de\u30fc\u30b5\u30fc\u30d3\u30b9\u306b\u6301\u53c2\u3059\u308b<\/strong>\u5fc5\u8981\u304c\u3042\u308a\u307e\u3059\u3002\u6ce8\u610f\uff01\u307e\u305f\u3001<strong>\u3069\u306e\u30ec\u30d9\u30eb\u306e\u8a66\u9a13\uff08N1-N5\uff09\u306b\u767b\u9332\u3059\u308b\u304b\u3092\u5c01\u7b52\u306b\u8a18\u5165<\/strong>\u3057\u3066\u304f\u3060\u3055\u3044\u3002\uff09<\/p>\n<p><span style=\"color: #ff0000;\">Q7\uff1a\u30e1\u30fc\u30eb\u3067\u30c6\u30b9\u30c8\u306b\u767b\u9332\u3067\u304d\u307e\u3059\u304b\uff1f<\/span><br \/>\nA\uff1a<strong>\u516c\u5f0f\u767b\u9332\u30d5\u30a9\u30fc\u30e0\u3067\u306e\u307f<\/strong>\u30c6\u30b9\u30c8\u306b\u767b\u9332\u3067\u304d\u307e\u3059\u3002<strong>\u4e0a\u8a18\u3092\u53c2\u7167<\/strong>\u3057\u3066\u304f\u3060\u3055\u3044\u3002\u3002<\/p>\n<p><span style=\"color: #ff0000;\">Q8\uff1a\u30c6\u30b9\u30c8\u306e\u6642\u70b9\u3067\u30d5\u30a3\u30f3\u30e9\u30f3\u30c9\u306b\u3044\u308b\u304b\u3069\u3046\u304b\u308f\u304b\u308a\u307e\u305b\u3093\u3002\u3057\u304b\u3057\u3001\u30d8\u30eb\u30b7\u30f3\u30ad\u3067\u30c6\u30b9\u30c8\u306b\u767b\u9332\u3057\u3066\u300112\u6708\u306b\u65e5\u672c\u306b\u3044\u308b\u5834\u5408\u306f\u3001\u65e5\u672c\u3067\u30c6\u30b9\u30c8\u3092\u884c\u3046\u3053\u3068\u306f\u3067\u304d\u307e\u3059\u304b\uff1f<\/span><br \/>\nA\uff1a\u30d8\u30eb\u30b7\u30f3\u30ad\u3067\u30c6\u30b9\u30c8\u306b\u767b\u9332\u3057\u305f\u5834\u5408\u3001<strong>\u30d8\u30eb\u30b7\u30f3\u30ad\u3067\u306e\u307f\u53d7\u9a13\u3067\u304d\u307e\u3059<\/strong>\u3002<strong>\u4ed6\u306e\u56fd\u306e\u8a66\u9a13\u306b\u767b\u9332\u3059\u308b\u3053\u3068\u306f\u3067\u304d\u307e\u305b\u3093\u3002<\/strong>\u307e\u305f\u3001\u4ed6\u306e\u56fd\u304b\u3089\u30d8\u30eb\u30b7\u30f3\u30ad\u306e\u30c6\u30b9\u30c8\u306b\u767b\u9332\u3059\u308b\u3053\u3068\u306f\u3067\u304d\u307e\u305b\u3093\u3002\u307e\u305f\u3001\u30ed\u30f3\u30c9\u30f3\u3067\u30c6\u30b9\u30c8\u306b\u767b\u9332\u3057\u3066\u3044\u308b\u5834\u5408\u306f\u3001\u30c6\u30b9\u30c8\u306e\u5834\u6240\u3092\u30ed\u30f3\u30c9\u30f3\u304b\u3089\u30d8\u30eb\u30b7\u30f3\u30ad\u306b\u5909\u66f4\u3059\u308b\u3053\u3068\u3082\u3067\u304d\u307e\u305b\u3093\u3002<\/p>\n<p><span style=\"color: #ff0000;\">Q9\uff1a\u30c6\u30b9\u30c8\u306b\u306f\u3069\u306e\u304f\u3089\u3044\u6642\u9593\u304c\u304b\u304b\u308a\u307e\u3059\u304b\uff1f<\/span><br \/>\nA\uff1a<strong>\u8a73\u7d30\u306a\u30c6\u30b9\u30c8\u60c5\u5831\u306f\u3059\u3079\u3066\u306e\u767b\u9332\u8005\u306b\u90f5\u9001\u3055\u308c\u307e\u3059<\/strong>\u3002\u4ee5\u524d\u306e\u4f8b\u3067\u306f\u3001\u53c2\u52a0\u8005\u306f\u6b63\u534812\u6642\u306b\u958b\u59cb\u3057\u3001\u3059\u3079\u3066\u306e\u30ec\u30d9\u30eb\u306e\u8a66\u9a13\u306f\u5348\u5f8c5\u6642\u307e\u3067\u306b\u7d42\u4e86\u3057\u307e\u3057\u305f\u3002\u7279\u5b9a\u306e\u30ec\u30d9\u30eb\u306e\u30c6\u30b9\u30c8\u6642\u9593\u306e\u8a73\u7d30\u306b\u3064\u3044\u3066\u306f\u3001<strong><a href=\"http:\/\/www.jlpt.jp\/e\/guideline\/testsections.html\"><span style=\"color: #0000ff;\">\u516c\u5f0fWeb\u30b5\u30a4\u30c8\u306b\u30a2\u30af\u30bb\u30b9\u3057\u3066\u304f\u3060\u3055\u3044<\/span><\/a>\u3002<\/strong><\/p>\n<p><span style=\"color: #ff0000;\">Q10\uff1a\u8a66\u9a13\u4f1a\u5834\u306f\u3069\u3053\u3067\u3059\u304b\uff1f<\/span><br \/>\n<strong>A\uff1a\u8a66\u9a13\u5834\u6240\u306f\u3001\u767b\u9332\u6642\u306b\u65e5\u672c\u5927\u4f7f\u9928\u306e\u30db\u30fc\u30e0\u30da\u30fc\u30b8\u3067\u304a\u77e5\u3089\u305b\u3057\u307e\u3059\u3002<\/strong><\/p>\n<p><span style=\"color: #ff0000;\">Q11\uff1a\u767b\u9332\u6599\u3092\u652f\u6255\u3063\u3066\u3044\u306a\u304f\u3066\u3082\u53d7\u9a13\u3067\u304d\u307e\u3059\u304b\uff1f<\/span><br \/>\nA\uff1a\u3044\u3044\u3048\u3002<strong>\u8aac\u660e\u66f8\u306b\u8a18\u8f09\u3055\u308c\u3066\u3044\u308b\u53e3\u5ea7\u306b\u671f\u65e5\u307e\u3067\u306b\u30c6\u30b9\u30c8\u6599\u91d1\u3092\u652f\u6255\u3063\u3066\u304f\u3060\u3055\u3044\u3002\u652f\u6255\u3044\u304c\u5b8c\u4e86\u3057\u3066\u3044\u308b\u3053\u3068\u3092\u78ba\u8a8d\u3057\u3066\u304f\u3060\u3055\u3044\u3002<\/strong><\/p>\n<p><span style=\"color: #ff0000;\">Q12\uff1a\u3069\u306e\u30ec\u30d9\u30eb\u3092\u53d7\u3051\u308c\u3070\u3044\u3044\u3067\u3057\u3087\u3046\u304b\uff1f\u8ab0\u306b\u805e\u3051\u3070\u3044\u3044\u3067\u3057\u3087\u3046\u304b\uff1f<\/span><br \/>\nA\uff1a\u8a66\u9a13\u306e<strong><span style=\"color: #0000ff;\"><a href=\"http:\/\/www.jlpt.jp\/e\/guideline\/testsections.html\"><span style=\"color: #0000ff;\">\u516c\u5f0f\u30a6\u30a7\u30d6\u30b5\u30a4\u30c8<\/span><\/a>\u3067<a href=\"http:\/\/www.jlpt.jp\/e\/about\/levelsummary.html\"><span style=\"color: #0000ff;\">\u30c6\u30b9\u30c8\u30ec\u30d9\u30eb\u306e\u8aac\u660e\u3092\u78ba\u8a8d<\/span><\/a><\/span>\u3057\u3001\u3069\u306e\u30ec\u30d9\u30eb\u304c\u81ea\u5206\u306b\u9069\u3057\u3066\u3044\u308b\u304b\u3092\u63a8\u6e2c\u3057\u3066\u304f\u3060\u3055\u3044\u3002<\/strong><\/p>\n<p><span style=\"color: #ff0000;\">Q13\uff1a\u30ec\u30d9\u30eb4\u306b\u767b\u9332\u3057\u307e\u3057\u305f\u304c\u3001\u30ec\u30d9\u30eb\u3092\u5909\u66f4\u3057\u3066\u30ec\u30d9\u30eb3\u306e\u30c6\u30b9\u30c8\u3092\u53d7\u3051\u305f\u3044\u306e\u3067\u3059\u304c\u3002\u30ec\u30d9\u30eb\u3092\u5909\u66f4\u3067\u304d\u307e\u3059\u304b\uff1f<\/span><br \/>\n<strong>A\uff1a\u767b\u9332\u3057\u305f\u30ec\u30d9\u30eb\u3067\u306e\u307f\u30c6\u30b9\u30c8\u3092\u53d7\u3051\u308b\u3053\u3068\u304c\u3067\u304d\u307e\u3059\u3002<\/strong>\u30ec\u30d9\u30eb\u306e\u5909\u66f4\u3092\u3054\u5e0c\u671b\u306e\u5834\u5408\u306f\u3001<strong>\u767b\u9332\u671f\u9593\u304c\u7d42\u4e86\u3059\u308b\u524d\u306b<span style=\"color: #0000ff;\"><a style=\"color: #0000ff;\" href=\"culture@hk.mofa.go.jp\">culture (at) hk.mofa.go.jp<\/a><\/span>\u307e\u3067\u3054\u9023\u7d61\u304f\u3060\u3055\u3044\u3002\u65b0\u3057\u3044\u767b\u9332\u30d5\u30a9\u30fc\u30e0\u306b\u518d\u5ea6\u8a18\u5165\u3057\u3001\u671f\u9650\u307e\u3067\u306b\u6307\u5b9a\u3055\u308c\u305f\u4f4f\u6240\u306b\u8fd4\u9001\u3057\u3066\u304f\u3060\u3055\u3044\u3002\u307e\u305f\u3001\u30ec\u30d9\u30eb\u306e\u5909\u66f4\u3067\u3001\u30c6\u30b9\u30c8\u6599\u91d1\u304c\u540c\u3058\u304b\u3069\u3046\u304b\u78ba\u8a8d\u3057\u3066\u304f\u3060\u3055\u3044\u3002\u767b\u9332\u671f\u9593\u304c\u7d42\u4e86\u3057\u3066\u3044\u308b\u5834\u5408\u306f\u3001\u30ec\u30d9\u30eb\u3092\u5909\u66f4\u3059\u308b\u3053\u3068\u306f\u3067\u304d\u307e\u305b\u3093\u3002<\/strong><\/p>\n<p><span style=\"color: #ff0000;\">Q14\uff1a\u3053\u308c\u307e\u3067JLPT\u3092\u53d7\u9a13\u3057\u305f\u3053\u3068\u306f\u3042\u308a\u307e\u305b\u3093\u3002 \u521d\u3081\u3066\u3067\u3082JLPT 3\u3092\u53d7\u9a13\u3067\u304d\u307e\u3059\u304b\u3001\u305d\u308c\u3068\u3082JLPT3\u3092\u53d7\u3051\u308b\u524d\u306bJLPT4\u3092\u53d7\u3051\u306a\u3051\u308c\u3070\u3044\u3051\u307e\u305b\u3093\u304b\uff1f<\/span><br \/>\nA\uff1a\u306f\u3044\u3001<strong>\u30ec\u30d9\u30eb4\u3092\u4fee\u4e86\u3057\u3066\u3044\u306a\u304f\u3066\u3082\u3001JLPT\u30ec\u30d9\u30eb3\u3092\u53d7\u9a13\u3067\u304d\u307e\u3059\u3002<\/strong><\/p>\n<p><span style=\"color: #ff0000;\">Q15\uff1a\u7b2c2\u30ec\u30d9\u30eb\u306e\u6280\u80fd\u8a66\u9a13\u3092\u53d7\u3051\u305f\u3044\u306e\u3067\u3059\u304c\u3001\u7b2c3\u30ec\u30d9\u30eb\u306e\u8a66\u9a13\u3082\u53d7\u9a13\u3057\u305f\u3044\u3068\u601d\u3044\u307e\u3059\u3002\u4e00\u5ea6\u306b2\u3064\u306e\u30ec\u30d9\u30eb\u3092\u53d7\u9a13\u3059\u308b\u3053\u3068\u306f\u53ef\u80fd\u3067\u3059\u304b\uff1f<\/span><br \/>\nA\uff1a\u8a66\u9a13\u306f\u540c\u6642\u306b\u5b9f\u65bd\u3055\u308c\u3066\u3044\u308b\u305f\u3081\u3001<strong>\u4e00\u5ea6\u306b2\u3064\u306e\u8a66\u9a13\u306b\u53c2\u52a0\u3059\u308b\u3053\u3068\u306f\u3067\u304d\u307e\u305b\u3093\u3002<\/strong><\/p>\n<p><span style=\"color: #ff0000;\">Q16\uff1aJLPT\u30d5\u30a9\u30fc\u30e0\u306b\u6dfb\u4ed8\u3059\u308b\u5199\u771f\u306f\u3001\u7d76\u5bfe\u306b3cm\u00d73cm\u306e\u30b5\u30a4\u30ba\u3067\u3059\u304b\uff1f\u305d\u306e\u30b5\u30a4\u30ba\u306e\u5199\u771f\u3092\u5165\u624b\u3059\u308b\u306e\u306f\u304b\u306a\u308a\u96e3\u3057\u3044\u3067\u3059\uff08\u6a19\u6e96\u306e\u30d1\u30b9\u30dd\u30fc\u30c8\u5199\u771f\u306f3.6cm x 4.7cm\u3067\u3059\uff09\u3002\u30d1\u30bd\u30b3\u30f3\u30673cm x 3cm\u30b5\u30a4\u30ba\u306b\u5370\u5237\u3057\u3066\u3082\u3044\u3044\u3067\u3059\u304b\uff1f<\/span><br \/>\nA\uff1a\u306f\u3044\u3001\u81ea\u5206\u3067\u5370\u5237\u3057\u3066\u3082\u3044\u3044\u3067\u3059\u304c\u3001<strong>\u5199\u771f\u5c02\u7528\u306e\u9ad8\u54c1\u8cea\u7528\u7d19\u306b\u5370\u5237\u3057\u3066\u304f\u3060\u3055\u3044<\/strong>\u3002<strong>\u9854\u304c\u306f\u3063\u304d\u308a\u3068\u5199\u3063\u3066\u3044\u306a\u304f\u3066\u306f\u306a\u308a\u307e\u305b\u3093\u3002<\/strong><\/p>\n<p><span style=\"color: #ff0000;\">Q17\uff1a\u901a\u5e38\u306e\u30d1\u30b9\u30dd\u30fc\u30c8\u5199\u771f\u3092\u7533\u3057\u8fbc\u307f\u306b\u4f7f\u3063\u3066\u3082\u3044\u3044\u3067\u3059\u304b\u3002\u305d\u308c\u3068\u3082\u3001\u304d\u3061\u3093\u30683cm x 3cm\u7528\u306b\u64ae\u3063\u305f<\/span><span style=\"color: #ff0000;\">\u5199\u771f\u3092\u4f7f\u308f\u306a\u3051\u308c\u3070\u306a\u308a\u307e\u305b\u3093\u304b\uff1f<\/span><br \/>\nA\uff1a\uff08\u305f\u3068\u3048\u3070\u30d1\u30b9\u30dd\u30fc\u30c8\u30b5\u30a4\u30ba\u306e\uff09\u5199\u771f\u3092\u3001<strong>\u9854\u304c\u4e2d\u5fc3\u306b\u306a\u308b\u3088\u3046\u306b\u5207\u3063\u3066\u3001\u65e2\u5b9a\u306e\u30b5\u30a4\u30ba\u306b\u5408\u3046\u3088\u3046\u306b\u8cbc\u3063\u3066\u3082\u3044\u3044\u3067\u3059\u3002\u5199\u771f\u304c\u6b63\u78ba\u306b3cmx3cm\u3067\u306a\u304f\u3066\u3082\u3001\u554f\u984c\u306f\u3042\u308a\u307e\u305b\u3093\u3002<\/strong><\/p>\n","protected":false},"excerpt":{"rendered":"<p>Q1: Minulla on viel\u00e4 kysytt\u00e4v\u00e4\u00e4 tai ongelmia koskien JLPT:t\u00e4. Mihin voin ottaa yhteytt\u00e4? A: Voit olla yhteydess\u00e4 s\u00e4hk\u00f6postitse Japanin suurl\u00e4hetyst\u00f6n kulttuuriosastoon. Lue ennen yhteydenottoa seuraavat tavanomaisimmat kysymykset ja niiden vastaukset alla, jos niist\u00e4 l\u00f6ytyisi apua kysymyksiisi. Q2: Voinko ilmoittautua testiin ymp\u00e4ri vuoden? A: Testiin voi ilmoittautua ainoastaan ilmoittautumisaikana syksyll\u00e4. Q3: J\u00e4rjestet\u00e4\u00e4nk\u00f6 JLPT Suomessa kaksi kertaa [&hellip;]<\/p>\n","protected":false},"author":1,"featured_media":0,"parent":13,"menu_order":1,"comment_status":"closed","ping_status":"closed","template":"page-templates\/full-width.php","meta":{"footnotes":""},"class_list":["post-15","page","type-page","status-publish","hentry"],"_links":{"self":[{"href":"https:\/\/nihongo.fi\/index.php?rest_route=\/wp\/v2\/pages\/15","targetHints":{"allow":["GET"]}}],"collection":[{"href":"https:\/\/nihongo.fi\/index.php?rest_route=\/wp\/v2\/pages"}],"about":[{"href":"https:\/\/nihongo.fi\/index.php?rest_route=\/wp\/v2\/types\/page"}],"author":[{"embeddable":true,"href":"https:\/\/nihongo.fi\/index.php?rest_route=\/wp\/v2\/users\/1"}],"replies":[{"embeddable":true,"href":"https:\/\/nihongo.fi\/index.php?rest_route=%2Fwp%2Fv2%2Fcomments&post=15"}],"version-history":[{"count":14,"href":"https:\/\/nihongo.fi\/index.php?rest_route=\/wp\/v2\/pages\/15\/revisions"}],"predecessor-version":[{"id":638,"href":"https:\/\/nihongo.fi\/index.php?rest_route=\/wp\/v2\/pages\/15\/revisions\/638"}],"up":[{"embeddable":true,"href":"https:\/\/nihongo.fi\/index.php?rest_route=\/wp\/v2\/pages\/13"}],"wp:attachment":[{"href":"https:\/\/nihongo.fi\/index.php?rest_route=%2Fwp%2Fv2%2Fmedia&parent=15"}],"curies":[{"name":"wp","href":"https:\/\/api.w.org\/{rel}","templated":true}]}}