{"id":19,"date":"2015-10-18T18:11:50","date_gmt":"2015-10-18T18:11:50","guid":{"rendered":"http:\/\/nihongo.fi\/?page_id=19"},"modified":"2026-01-18T22:55:15","modified_gmt":"2026-01-18T20:55:15","slug":"tervetuloa-%e3%82%88%e3%81%86%e3%81%93%e3%81%9d%ef%bc%81","status":"publish","type":"page","link":"https:\/\/nihongo.fi\/","title":{"rendered":"Home \/ \u30db\u30fc\u30e0"},"content":{"rendered":"<ul>\n<li>\n<h2><span style=\"color: #000000;\">Tervetuloa<strong> JOY:n nettisivuille! <\/strong><\/span><span style=\"color: #ff0000;\"><strong><span style=\"color: #000000;\">\/ JOY\u306e\u30a6\u30a7\u30d6\u30da\u30fc\u30b8\u3078\u3088\u3046\u3053\u305d<\/span><\/strong><\/span><\/h2>\n<\/li>\n<\/ul>\n<p><span lang=\"FI\"><span class=\"style37\"><span class=\"auto-style1\" lang=\"FI\">J<span style=\"color: #000000;\">apanin kielen ja kulttuurin opettajain yhdistys (JOY) on perustettu vuonna 1993. Yhdistyksen tarkoitus on kehitt\u00e4\u00e4 Japanin kielen ja kulttuurin opetusta Suomessa mm. edist\u00e4m\u00e4ll\u00e4 j\u00e4senten ammattitaitoa ja seuraamalla alan kansainv\u00e4list\u00e4 kehityst\u00e4. Toiminnallaan yhdistys my\u00f6s pyrkii tekem\u00e4\u00e4n japanin kielt\u00e4 ja kulttuuria tunnetuksi Suomessa sek\u00e4 edist\u00e4m\u00e4\u00e4n Suomen ja Japanin v\u00e4lisi\u00e4 suhteita.<\/span><\/span><\/span><\/span><\/p>\n<p>\u65e5\u672c\u8a9e\u6587\u5316\u6559\u5e2b\u5354\u4f1a\uff08JOY\uff09\u306f\u30011993\u5e74\u306b\u8a2d\u7acb<em>\u3055\u308c\u307e\u3057\u305f\u3002<\/em>JOY\u306e\u76ee\u7684<em>\u306f\u3001\u30d5\u30a3\u30f3\u30e9\u30f3\u30c9\u3067<\/em>\u65e5\u672c\u8a9e\u3068\u65e5\u672c\u8a9e\u306e\u6559\u80b2\u3092\u767a\u5c55\u3055\u305b\u308b\u3053\u3068\u3067\u3059\u3002 \u30e1\u30f3\u30d0\u30fc\u306e\u30d7\u30ed\u610f\u8b58\u3092\u4fc3\u9032\u3057\u3001\u3053\u306e\u5206\u91ce\u306e\u56fd\u969b\u7684\u306a\u767a\u5c55\u3092\u76ee\u6307\u3057\u307e\u3059\u3002JOY\u306f\u305d\u306e\u6d3b\u52d5\u3092\u901a\u3058\u3066\u3001\u30d5\u30a3\u30f3\u30e9\u30f3\u30c9\u3067\u65e5\u672c\u8a9e\u3068\u65e5\u672c\u6587\u5316\u3092\u77e5\u3063\u3066\u3082\u3089\u3044\u3001\u30d5\u30a3\u30f3\u30e9\u30f3\u30c9\u3068\u65e5\u672c\u306e\u95a2\u4fc2\u3092\u4fc3\u9032\u3059\u308b\u3088\u3046\u52aa\u3081\u3066\u3044\u307e\u3059\u3002<\/p>\n<ul>\n<li>\n<h2><strong>38. Japanin kielen puhetilaisuus\u00a0<\/strong><strong>\uff0f <\/strong><strong>\u00a0\u7b2c\uff13\uff18\u56de\u65e5\u672c\u8a9e\u3067\u8a9e\u308b\u4f1a\u00a0<\/strong><\/h2>\n<\/li>\n<\/ul>\n<p>38. Japanin kielen puhetilaisuus\u00a0j\u00e4rjestet\u00e4\u00e4n sunnuntaina 22.3.2025 (la)\u00a0 klo 12:15-16:30 paikan p\u00e4\u00e4ll\u00e4 Hyvink\u00e4\u00e4n lukiossa.\u00a0 Yleis\u00f6lle avoin.\u00a0 <span style=\"font-size: 1rem;\">Tule kuuntelemaan ja kannustamaan puhujia! <\/span><\/p>\n<p>Luento: Heikki Valkama<br \/>\n&#8220;Omotenashi &#8211; Ei kielt\u00e4 ilman kulttuuria!&#8221;<\/p>\n<p>Hyvink\u00e4\u00e4n lukio<br \/>\nMonitoimisali B144, Kenk\u00e4tehtaankatu 1, Hyvink\u00e4\u00e4<\/p>\n<p>\u7b2c38\u56de\u65e5\u672c\u8a9e\u3067\u8a9e\u308b\u4f1a\u304c\u30012025\u5e743\u670822\u65e5\uff08\u571f\uff0912:15-16:30\u306b\u3001Hyvink\u00e4\u00e4n lukio\u306b\u3066\u958b\u50ac\u3055\u308c\u307e\u3059\u3002\u5165\u5834\u7121\u6599\u3067\u3059\u3002\u3069\u3046\u305e\u805e\u304d\u306b\u6765\u3066\u3001\u51fa\u5834\u8005\u3092\u6fc0\u52b1\u3057\u3066\u304f\u3060\u3055\u3044\u3002<\/p>\n<p>Heikki Valkama\u3055\u3093\u306b\u3088\u308b\u30ec\u30af\u30c1\u30e3\u30fc: &#8220;\u304a\u3082\u3066\u306a\u3057 &#8211; \u6587\u5316\u306a\u3057\u3067\u8a00\u8a9e\u306f\u306a\u308a\u305f\u305f\u306a\u3044&#8221;<\/p>\n<p>Hyvink\u00e4\u00e4n lukio<br \/>\nMonitoimisali B144, Kenk\u00e4tehtaankatu 1, Hyvink\u00e4\u00e4<\/p>\n<p>PDF:<a href=\"https:\/\/nihongo.fi\/wp-content\/uploads\/2025\/03\/38.puhetilaisuus_kasiohjelma-2025.pdf\">38.puhetilaisuus_k\u00e4siohjelma 2025<\/a><\/p>\n<p><img loading=\"lazy\" decoding=\"async\" class=\"alignnone size-medium wp-image-964\" src=\"https:\/\/nihongo.fi\/wp-content\/uploads\/2025\/03\/Screenshot-2025-03-20-new-katarukai-1-213x300.png\" alt=\"\" width=\"213\" height=\"300\" srcset=\"https:\/\/nihongo.fi\/wp-content\/uploads\/2025\/03\/Screenshot-2025-03-20-new-katarukai-1-213x300.png 213w, https:\/\/nihongo.fi\/wp-content\/uploads\/2025\/03\/Screenshot-2025-03-20-new-katarukai-1.png 556w\" sizes=\"auto, (max-width: 213px) 100vw, 213px\" \/> <img loading=\"lazy\" decoding=\"async\" class=\"alignnone size-medium wp-image-963\" src=\"https:\/\/nihongo.fi\/wp-content\/uploads\/2025\/03\/Screenshot-2025-03-20-new-katarukai-2-210x300.png\" alt=\"\" width=\"210\" height=\"300\" srcset=\"https:\/\/nihongo.fi\/wp-content\/uploads\/2025\/03\/Screenshot-2025-03-20-new-katarukai-2-210x300.png 210w, https:\/\/nihongo.fi\/wp-content\/uploads\/2025\/03\/Screenshot-2025-03-20-new-katarukai-2.png 450w\" sizes=\"auto, (max-width: 210px) 100vw, 210px\" \/> <img loading=\"lazy\" decoding=\"async\" class=\"alignnone size-medium wp-image-962\" src=\"https:\/\/nihongo.fi\/wp-content\/uploads\/2025\/03\/Screenshot-2025-03-20-new-katarukai-3-214x300.png\" alt=\"\" width=\"214\" height=\"300\" srcset=\"https:\/\/nihongo.fi\/wp-content\/uploads\/2025\/03\/Screenshot-2025-03-20-new-katarukai-3-214x300.png 214w, https:\/\/nihongo.fi\/wp-content\/uploads\/2025\/03\/Screenshot-2025-03-20-new-katarukai-3.png 456w\" sizes=\"auto, (max-width: 214px) 100vw, 214px\" \/> <img loading=\"lazy\" decoding=\"async\" class=\"alignnone size-medium wp-image-961\" src=\"https:\/\/nihongo.fi\/wp-content\/uploads\/2025\/03\/Screenshot-2025-03-20-new-katarukai-4-210x300.png\" alt=\"\" width=\"210\" height=\"300\" srcset=\"https:\/\/nihongo.fi\/wp-content\/uploads\/2025\/03\/Screenshot-2025-03-20-new-katarukai-4-210x300.png 210w, https:\/\/nihongo.fi\/wp-content\/uploads\/2025\/03\/Screenshot-2025-03-20-new-katarukai-4.png 450w\" sizes=\"auto, (max-width: 210px) 100vw, 210px\" \/>\u00a0<img loading=\"lazy\" decoding=\"async\" class=\"alignnone size-medium wp-image-960\" src=\"https:\/\/nihongo.fi\/wp-content\/uploads\/2025\/03\/Screenshot-2025-03-20-new-katarukai-5-210x300.png\" alt=\"\" width=\"210\" height=\"300\" srcset=\"https:\/\/nihongo.fi\/wp-content\/uploads\/2025\/03\/Screenshot-2025-03-20-new-katarukai-5-210x300.png 210w, https:\/\/nihongo.fi\/wp-content\/uploads\/2025\/03\/Screenshot-2025-03-20-new-katarukai-5.png 451w\" sizes=\"auto, (max-width: 210px) 100vw, 210px\" \/> <img loading=\"lazy\" decoding=\"async\" class=\"alignnone size-medium wp-image-959\" src=\"https:\/\/nihongo.fi\/wp-content\/uploads\/2025\/03\/Screenshot-2025-03-20-new-katarukai-6-205x300.png\" alt=\"\" width=\"205\" height=\"300\" srcset=\"https:\/\/nihongo.fi\/wp-content\/uploads\/2025\/03\/Screenshot-2025-03-20-new-katarukai-6-205x300.png 205w, https:\/\/nihongo.fi\/wp-content\/uploads\/2025\/03\/Screenshot-2025-03-20-new-katarukai-6.png 435w\" sizes=\"auto, (max-width: 205px) 100vw, 205px\" \/> <img loading=\"lazy\" decoding=\"async\" class=\"alignnone size-medium wp-image-958\" src=\"https:\/\/nihongo.fi\/wp-content\/uploads\/2025\/03\/Screenshot-2025-03-20-new-katarukai-7-210x300.png\" alt=\"\" width=\"210\" height=\"300\" srcset=\"https:\/\/nihongo.fi\/wp-content\/uploads\/2025\/03\/Screenshot-2025-03-20-new-katarukai-7-210x300.png 210w, https:\/\/nihongo.fi\/wp-content\/uploads\/2025\/03\/Screenshot-2025-03-20-new-katarukai-7.png 453w\" sizes=\"auto, (max-width: 210px) 100vw, 210px\" \/> <img loading=\"lazy\" decoding=\"async\" class=\"alignnone size-medium wp-image-957\" src=\"https:\/\/nihongo.fi\/wp-content\/uploads\/2025\/03\/Screenshot-2025-03-20-new-katarukai-8-211x300.png\" alt=\"\" width=\"211\" height=\"300\" srcset=\"https:\/\/nihongo.fi\/wp-content\/uploads\/2025\/03\/Screenshot-2025-03-20-new-katarukai-8-211x300.png 211w, https:\/\/nihongo.fi\/wp-content\/uploads\/2025\/03\/Screenshot-2025-03-20-new-katarukai-8.png 453w\" sizes=\"auto, (max-width: 211px) 100vw, 211px\" \/><\/p>\n<p>&nbsp;<\/p>\n<ul>\n<li>\n<h2><strong>Japania opettavat oppilaitokset Suomessa 2024\u00a0\uff0f \u65e5\u672c\u8a9e\u304c\u52c9\u5f37\u3067\u304d\u308b\u6a5f\u95a2\u30ea\u30b9\u30c82024<\/strong><\/h2>\n<\/li>\n<\/ul>\n<p>PDF <a href=\"https:\/\/nihongo.fi\/wp-content\/uploads\/2024\/09\/Japania-opettavat-oppilaitokset-2024.pdf\">Japania opettavat oppilaitokset 2024<\/a><\/p>\n<p><img loading=\"lazy\" decoding=\"async\" class=\"alignnone size-medium wp-image-847\" src=\"https:\/\/nihongo.fi\/wp-content\/uploads\/2024\/09\/JAPANIA-OPETTAVAT-OPPILAITOKSET-2024-4-5-214x300.png\" alt=\"\" width=\"214\" height=\"300\" srcset=\"https:\/\/nihongo.fi\/wp-content\/uploads\/2024\/09\/JAPANIA-OPETTAVAT-OPPILAITOKSET-2024-4-5-214x300.png 214w, https:\/\/nihongo.fi\/wp-content\/uploads\/2024\/09\/JAPANIA-OPETTAVAT-OPPILAITOKSET-2024-4-5-624x876.png 624w, https:\/\/nihongo.fi\/wp-content\/uploads\/2024\/09\/JAPANIA-OPETTAVAT-OPPILAITOKSET-2024-4-5.png 652w\" sizes=\"auto, (max-width: 214px) 100vw, 214px\" \/> <img loading=\"lazy\" decoding=\"async\" class=\"alignnone size-medium wp-image-848\" src=\"https:\/\/nihongo.fi\/wp-content\/uploads\/2024\/09\/JAPANIA-OPETTAVAT-OPPILAITOKSET-2024-5-5-214x300.png\" alt=\"\" width=\"214\" height=\"300\" srcset=\"https:\/\/nihongo.fi\/wp-content\/uploads\/2024\/09\/JAPANIA-OPETTAVAT-OPPILAITOKSET-2024-5-5-214x300.png 214w, https:\/\/nihongo.fi\/wp-content\/uploads\/2024\/09\/JAPANIA-OPETTAVAT-OPPILAITOKSET-2024-5-5-624x876.png 624w, https:\/\/nihongo.fi\/wp-content\/uploads\/2024\/09\/JAPANIA-OPETTAVAT-OPPILAITOKSET-2024-5-5.png 652w\" sizes=\"auto, (max-width: 214px) 100vw, 214px\" \/> <img loading=\"lazy\" decoding=\"async\" class=\"alignnone size-medium wp-image-846\" src=\"https:\/\/nihongo.fi\/wp-content\/uploads\/2024\/09\/JAPANIA-OPETTAVAT-OPPILAITOKSET-2024-3-5-213x300.png\" alt=\"\" width=\"213\" height=\"300\" srcset=\"https:\/\/nihongo.fi\/wp-content\/uploads\/2024\/09\/JAPANIA-OPETTAVAT-OPPILAITOKSET-2024-3-5-213x300.png 213w, https:\/\/nihongo.fi\/wp-content\/uploads\/2024\/09\/JAPANIA-OPETTAVAT-OPPILAITOKSET-2024-3-5-624x881.png 624w, https:\/\/nihongo.fi\/wp-content\/uploads\/2024\/09\/JAPANIA-OPETTAVAT-OPPILAITOKSET-2024-3-5.png 646w\" sizes=\"auto, (max-width: 213px) 100vw, 213px\" \/> <img loading=\"lazy\" decoding=\"async\" class=\"alignnone size-medium wp-image-844\" src=\"https:\/\/nihongo.fi\/wp-content\/uploads\/2024\/09\/JAPANIA-OPETTAVAT-OPPILAITOKSET-2024-1-5-212x300.png\" alt=\"\" width=\"212\" height=\"300\" srcset=\"https:\/\/nihongo.fi\/wp-content\/uploads\/2024\/09\/JAPANIA-OPETTAVAT-OPPILAITOKSET-2024-1-5-212x300.png 212w, https:\/\/nihongo.fi\/wp-content\/uploads\/2024\/09\/JAPANIA-OPETTAVAT-OPPILAITOKSET-2024-1-5-624x884.png 624w, https:\/\/nihongo.fi\/wp-content\/uploads\/2024\/09\/JAPANIA-OPETTAVAT-OPPILAITOKSET-2024-1-5.png 646w\" sizes=\"auto, (max-width: 212px) 100vw, 212px\" \/> <img loading=\"lazy\" decoding=\"async\" class=\"alignnone size-medium wp-image-845\" src=\"https:\/\/nihongo.fi\/wp-content\/uploads\/2024\/09\/JAPANIA-OPETTAVAT-OPPILAITOKSET-2024-2-5-214x300.png\" alt=\"\" width=\"214\" height=\"300\" srcset=\"https:\/\/nihongo.fi\/wp-content\/uploads\/2024\/09\/JAPANIA-OPETTAVAT-OPPILAITOKSET-2024-2-5-214x300.png 214w, https:\/\/nihongo.fi\/wp-content\/uploads\/2024\/09\/JAPANIA-OPETTAVAT-OPPILAITOKSET-2024-2-5-624x876.png 624w, https:\/\/nihongo.fi\/wp-content\/uploads\/2024\/09\/JAPANIA-OPETTAVAT-OPPILAITOKSET-2024-2-5.png 651w\" sizes=\"auto, (max-width: 214px) 100vw, 214px\" \/><\/p>\n<p>&nbsp;<\/p>\n","protected":false},"excerpt":{"rendered":"<p>Tervetuloa JOY:n nettisivuille! \/ JOY\u306e\u30a6\u30a7\u30d6\u30da\u30fc\u30b8\u3078\u3088\u3046\u3053\u305d Japanin kielen ja kulttuurin opettajain yhdistys (JOY) on perustettu vuonna 1993. Yhdistyksen tarkoitus on kehitt\u00e4\u00e4 Japanin kielen ja kulttuurin opetusta Suomessa mm. edist\u00e4m\u00e4ll\u00e4 j\u00e4senten ammattitaitoa ja seuraamalla alan kansainv\u00e4list\u00e4 kehityst\u00e4. Toiminnallaan yhdistys my\u00f6s pyrkii tekem\u00e4\u00e4n japanin kielt\u00e4 ja kulttuuria tunnetuksi Suomessa sek\u00e4 edist\u00e4m\u00e4\u00e4n Suomen ja Japanin v\u00e4lisi\u00e4 suhteita. \u65e5\u672c\u8a9e\u6587\u5316\u6559\u5e2b\u5354\u4f1a\uff08JOY\uff09\u306f\u30011993\u5e74\u306b\u8a2d\u7acb\u3055\u308c\u307e\u3057\u305f\u3002JOY\u306e\u76ee\u7684\u306f\u3001\u30d5\u30a3\u30f3\u30e9\u30f3\u30c9\u3067\u65e5\u672c\u8a9e\u3068\u65e5\u672c\u8a9e\u306e\u6559\u80b2\u3092\u767a\u5c55\u3055\u305b\u308b\u3053\u3068\u3067\u3059\u3002 \u30e1\u30f3\u30d0\u30fc\u306e\u30d7\u30ed\u610f\u8b58\u3092\u4fc3\u9032\u3057\u3001\u3053\u306e\u5206\u91ce\u306e\u56fd\u969b\u7684\u306a\u767a\u5c55\u3092\u76ee\u6307\u3057\u307e\u3059\u3002JOY\u306f\u305d\u306e\u6d3b\u52d5\u3092\u901a\u3058\u3066\u3001\u30d5\u30a3\u30f3\u30e9\u30f3\u30c9\u3067\u65e5\u672c\u8a9e\u3068\u65e5\u672c\u6587\u5316\u3092\u77e5\u3063\u3066\u3082\u3089\u3044\u3001\u30d5\u30a3\u30f3\u30e9\u30f3\u30c9\u3068\u65e5\u672c\u306e\u95a2\u4fc2\u3092\u4fc3\u9032\u3059\u308b\u3088\u3046\u52aa\u3081\u3066\u3044\u307e\u3059\u3002 [&hellip;]<\/p>\n","protected":false},"author":1,"featured_media":0,"parent":0,"menu_order":0,"comment_status":"closed","ping_status":"closed","template":"page-templates\/full-width.php","meta":{"footnotes":""},"class_list":["post-19","page","type-page","status-publish","hentry"],"_links":{"self":[{"href":"https:\/\/nihongo.fi\/index.php?rest_route=\/wp\/v2\/pages\/19","targetHints":{"allow":["GET"]}}],"collection":[{"href":"https:\/\/nihongo.fi\/index.php?rest_route=\/wp\/v2\/pages"}],"about":[{"href":"https:\/\/nihongo.fi\/index.php?rest_route=\/wp\/v2\/types\/page"}],"author":[{"embeddable":true,"href":"https:\/\/nihongo.fi\/index.php?rest_route=\/wp\/v2\/users\/1"}],"replies":[{"embeddable":true,"href":"https:\/\/nihongo.fi\/index.php?rest_route=%2Fwp%2Fv2%2Fcomments&post=19"}],"version-history":[{"count":90,"href":"https:\/\/nihongo.fi\/index.php?rest_route=\/wp\/v2\/pages\/19\/revisions"}],"predecessor-version":[{"id":353,"href":"https:\/\/nihongo.fi\/index.php?rest_route=\/wp\/v2\/pages\/19\/revisions\/353"}],"wp:attachment":[{"href":"https:\/\/nihongo.fi\/index.php?rest_route=%2Fwp%2Fv2%2Fmedia&parent=19"}],"curies":[{"name":"wp","href":"https:\/\/api.w.org\/{rel}","templated":true}]}}