{"id":21,"date":"2015-10-18T18:15:03","date_gmt":"2015-10-18T18:15:03","guid":{"rendered":"http:\/\/nihongo.fi\/?page_id=21"},"modified":"2026-01-18T23:54:28","modified_gmt":"2026-01-18T21:54:28","slug":"tietoa-joysta","status":"publish","type":"page","link":"https:\/\/nihongo.fi\/?page_id=21","title":{"rendered":"Tietoa JOY:sta\/ \u6559\u5e2b\u4f1a"},"content":{"rendered":"<ul>\n<li>\n<h2><span style=\"color: #000000;\"><strong><span class=\"auto-style1\"><span lang=\"FI\"><span class=\"style37\">TARKOITUS\/ \u76ee\u7684<\/span><\/span><\/span><\/strong><\/span><\/h2>\n<\/li>\n<\/ul>\n<p><span lang=\"FI\"><span class=\"style37\"><span class=\"auto-style1\" lang=\"FI\">J<span style=\"color: #000000;\">apanin kielen ja kulttuurin opettajain yhdistys (JOY) on perustettu vuonna 1993. Yhdistyksen tarkoitus on kehitt\u00e4\u00e4 Japanin kielen ja kulttuurin opetusta Suomessa mm. edist\u00e4m\u00e4ll\u00e4 j\u00e4senten ammattitaitoa ja seuraamalla alan kansainv\u00e4list\u00e4 kehityst\u00e4. Toiminnallaan yhdistys my\u00f6s pyrkii tekem\u00e4\u00e4n japanin kielt\u00e4 ja kulttuuria tunnetuksi Suomessa sek\u00e4 edist\u00e4m\u00e4\u00e4n Suomen ja Japanin v\u00e4lisi\u00e4 suhteita.<\/span><\/span><\/span><\/span><\/p>\n<p>\u65e5\u672c\u8a9e\u6587\u5316\u6559\u5e2b\u5354\u4f1a\uff08JOY\uff09\u306f\u30011993\u5e74\u306b\u8a2d\u7acb<em>\u3055\u308c\u307e\u3057\u305f\u3002<\/em>JOY\u306e\u76ee\u7684<em>\u306f\u3001\u30d5\u30a3\u30f3\u30e9\u30f3\u30c9\u3067<\/em>\u65e5\u672c\u8a9e\u3068\u65e5\u672c\u8a9e\u306e\u6559\u80b2\u3092\u767a\u5c55\u3055\u305b\u308b\u3053\u3068\u3067\u3059\u3002\u00a0\u30e1\u30f3\u30d0\u30fc\u306e\u30d7\u30ed\u610f\u8b58\u3092\u4fc3\u9032\u3057\u3001\u3053\u306e\u5206\u91ce\u306e\u56fd\u969b\u7684\u306a\u767a\u5c55\u3092\u76ee\u6307\u3057\u307e\u3059\u3002JOY\u306f\u305d\u306e\u6d3b\u52d5\u3092\u901a\u3058\u3066\u3001\u30d5\u30a3\u30f3\u30e9\u30f3\u30c9\u3067\u65e5\u672c\u8a9e\u3068\u65e5\u672c\u6587\u5316\u3092\u77e5\u3063\u3066\u3082\u3089\u3044\u3001\u30d5\u30a3\u30f3\u30e9\u30f3\u30c9\u3068\u65e5\u672c\u306e\u95a2\u4fc2\u3092\u4fc3\u9032\u3059\u308b\u3088\u3046\u52aa\u3081\u3066\u3044\u307e\u3059\u3002<\/p>\n<p>&nbsp;<\/p>\n<ul>\n<li>\n<h2><span style=\"color: #000000;\"><strong><span class=\"auto-style1\"><span class=\"style37\">TOIMINTA\/ \u6d3b\u52d5<\/span><\/span><\/strong><\/span><\/h2>\n<\/li>\n<\/ul>\n<p><span style=\"color: #000000;\">Yhdistyksen tapahtumista huomattavin on vuosittain maaliskuussa j\u00e4rjestett\u00e4v\u00e4 japanin kielen puhetilaisuus, joka tarjoaa esiintymis- ja tapaamismahdollisuuden koko Suomen japanin opiskelijoille opettajineen.<\/span><\/p>\n<p><span style=\"color: #000000;\">Toinen t\u00e4rke\u00e4 tapahtuma on vuosittain joulukuun alussa j\u00e4rjestett\u00e4v\u00e4 kansainv\u00e4linen japanin kielen taitotasokoe, Nihongo nooryoku shiken, jonka j\u00e4rjest\u00e4jin\u00e4 toimivat Japan Foundation ja Suomen Japanin suurl\u00e4hetyst\u00f6 JOY:n vastatessa k\u00e4yt\u00e4nn\u00f6n j\u00e4rjestelyist\u00e4.\u00a0 <span class=\"style37\">Kokeen j\u00e4rjest\u00e4minen Suomessa alkoi vuonna 2005.<br \/>\nYhdistyksen ohjelmassa on lis\u00e4ksi ollut sek\u00e4 kielen ett\u00e4 kulttuurin opetukseen painottuvia seminaareja, esitelmi\u00e4 ja ty\u00f6pajoja, jotka vaihtelevat j\u00e4sentilaisuuksista laajemmalle yleis\u00f6lle suunnattuihin tapahtumiin.<\/span><\/span><\/p>\n<p><span style=\"color: #000000;\">JOY\u306e\u30a4\u30d9\u30f3\u30c8\u3067\u6700\u3082\u6ce8\u76ee\u3059\u3079\u304d\u306f\u3001\u6bce\u5e74\uff13\u6708\u6052\u4f8b\u306e\u65e5\u672c\u8a9e\u3067\u8a9e\u308b\u4f1a\u3067\u3059\u3002\u3053\u308c\u306f\u3001\u30d5\u30a3\u30f3\u30e9\u30f3\u30c9\u5168\u571f\u304b\u3089\u65e5\u672c\u4eba\u5b66\u751f\u3068\u6559\u5e2b\u304c\u96c6\u3044\u3001\u8a71\u3059\u3001\u3088\u3044\u6a5f\u4f1a\u306b\u306a\u3063\u3066\u3044\u307e\u3059\u3002<\/span><br \/>\n<span style=\"color: #000000;\">\u6b21\u306b\u91cd\u8981\u306a\u30a4\u30d9\u30f3\u30c8\u306f\u3001\u56fd\u969b\u4ea4\u6d41\u57fa\u91d1\u3068\u30d5\u30a3\u30f3\u30e9\u30f3\u30c9\u306e\u65e5\u672c\u5927\u4f7f\u9928\u304c\u4e3b\u50ac\u3059\u308b\u56fd\u969b\u898f\u6a21\u306e\u300c\u65e5\u672c\u8a9e\u80fd\u529b\u8a66\u9a13\u300d\u3067\u3059\u3002JOY\u306f\u3001\u5b9f\u969b\u306e\u624b\u914d\u3092\u62c5\u5f53\u3057\u3066\u3044\u307e\u3059\u3002\u30d5\u30a3\u30f3\u30e9\u30f3\u30c9\u3067\u306f2005\u5e74\u306b\u59cb\u307e\u308a\u307e\u3057\u305f\u3002<\/span><br \/>\n<span style=\"color: #000000;\">\u3055\u3089\u306b\u3001JOY\u3067\u306f\u3001\u4f1a\u54e1\u30a4\u30d9\u30f3\u30c8\u304b\u3089\u4e00\u822c\u5411\u3051\u306e\u30a4\u30d9\u30f3\u30c8\u307e\u3067\u3001\u8a00\u8a9e\u3068\u6587\u5316\u306e\u4e21\u65b9\u3092\u6559\u3048\u308b\u3053\u3068\u306b\u7126\u70b9\u3092\u5f53\u3066\u305f\u30bb\u30df\u30ca\u30fc\u3001\u30d7\u30ec\u30bc\u30f3\u30c6\u30fc\u30b7\u30e7\u30f3\u3001\u30ef\u30fc\u30af\u30b7\u30e7\u30c3\u30d7\u3092\u884c\u3063\u3066\u3044\u307e\u3059\u3002<\/span><\/p>\n<p>&nbsp;<\/p>\n<ul>\n<li>\n<h2><span style=\"color: #ff0000;\"><strong><span class=\"auto-style1\"><span class=\"style37\"><span style=\"color: #000000;\">JULKAISU- JA TIEDOTUSTOIMINTA<\/span> <span style=\"color: #000000;\">\/ \u51fa\u7248\u304a\u3088\u3073\u60c5\u5831\u6d3b\u52d5<\/span><\/span><\/span><\/strong><\/span><\/h2>\n<\/li>\n<\/ul>\n<p><span style=\"color: #000000;\">Yhdistys tiedottaa toiminnastaan aktiivisesti verkkosivuillaan ja j\u00e4senkuntaa pidet\u00e4\u00e4n tapahtumien tasalla s\u00e4hk\u00f6postitse. Puhetilaisuuden puheet kootaan julkaisuksi, joka l\u00e4hetet\u00e4\u00e4n j\u00e4senille, osallistujille ja tilaisuutta tukeneille tahoille sek\u00e4 yhteisty\u00f6kumppaneille.<\/span><\/p>\n<p><span style=\"color: #000000;\">JOY\u306e\u6d3b\u52d5\u306b\u3064\u3044\u3066\u306f\u3001\u3053\u306e\u30a6\u30a7\u30d6\u30b5\u30a4\u30c8\u3067\u901a\u77e5\u3057\u3066\u304a\u308a\u3001\u4f1a\u54e1\u306b\u306f\u96fb\u5b50\u30e1\u30fc\u30eb\u3067\u6700\u65b0\u306e\u60c5\u5831\u3092\u304a\u77e5\u3089\u305b\u3057\u3066\u3044\u307e\u3059\u3002\u8a9e\u308b\u4f1a\u306e\u5185\u5bb9\u306f\u51fa\u7248\u7269\u306b\u307e\u3068\u3081\u3089\u308c\u3001\u30a4\u30d9\u30f3\u30c8\u306e\u4e3b\u50ac\u8005\u3001\u53c2\u52a0\u8005\u3001\u30b5\u30dd\u30fc\u30bf\u30fc\u3084\u95a2\u4fc2\u8005\u306b\u914d\u3089\u308c\u307e\u3059\u3002<\/span><\/p>\n<p>&nbsp;<\/p>\n<ul>\n<li>\n<h2><span style=\"color: #ff0000;\"><strong><span class=\"auto-style1\"><span class=\"style37\"><span style=\"color: #000000;\">VERKOSTOITUMINEN<\/span> <span style=\"color: #000000;\">\/ \u30cd\u30c3\u30c8\u30ef\u30fc\u30ad\u30f3\u30b0<\/span><\/span><\/span><\/strong><\/span><\/h2>\n<\/li>\n<\/ul>\n<p><span style=\"color: #000000;\">Yhdistys harjoittaa yhteisty\u00f6t\u00e4\u00a0 Suomessa Japanin suurl\u00e4hetyst\u00f6n, opetusministeri\u00f6n sek\u00e4 erilaisten Japani-yhdistysten kanssa. Kansainv\u00e4linen yhteisty\u00f6 kanavoituu maailmanlaajuisesti Japan Foundationin v\u00e4lityksell\u00e4.<\/span><\/p>\n<p><span style=\"color: #000000;\">JOY\u306f\u3001\u30d5\u30a3\u30f3\u30e9\u30f3\u30c9\u306e\u65e5\u672c\u5927\u4f7f\u9928\u3001\u6587\u79d1\u7701\u3001\u304a\u3088\u3073\u3055\u307e\u3056\u307e\u306a\u65e5\u672c\u306e\u56e3\u4f53\u3068\u5354\u529b\u3057\u3066\u3044\u307e\u3059\u3002<\/span><span style=\"color: #000000;\">JOY\u306f\u3001\u56fd\u969b\u4ea4\u6d41\u57fa\u91d1\u3092\u901a\u3058\u3066\u4e16\u754c\u306b\u56fd\u969b\u5354\u529b\u3092\u3057\u3066\u3044\u307e\u3059\u3002<\/span><\/p>\n<h2><span style=\"color: #0000ff;\"><a style=\"color: #0000ff;\" href=\"https:\/\/nihongo.fi\/?page_id=11\">J\u00e4seneksi\/ \u4f1a\u54e1<\/a><\/span><\/h2>\n<h2 class=\"entry-title\"><a href=\"https:\/\/nihongo.fi\/?page_id=975\"><span style=\"color: #0000ff;\">Hallitus 2026\/ \u5f79\u54e1<\/span><\/a><\/h2>\n","protected":false},"excerpt":{"rendered":"<p>TARKOITUS\/ \u76ee\u7684 Japanin kielen ja kulttuurin opettajain yhdistys (JOY) on perustettu vuonna 1993. Yhdistyksen tarkoitus on kehitt\u00e4\u00e4 Japanin kielen ja kulttuurin opetusta Suomessa mm. edist\u00e4m\u00e4ll\u00e4 j\u00e4senten ammattitaitoa ja seuraamalla alan kansainv\u00e4list\u00e4 kehityst\u00e4. Toiminnallaan yhdistys my\u00f6s pyrkii tekem\u00e4\u00e4n japanin kielt\u00e4 ja kulttuuria tunnetuksi Suomessa sek\u00e4 edist\u00e4m\u00e4\u00e4n Suomen ja Japanin v\u00e4lisi\u00e4 suhteita. \u65e5\u672c\u8a9e\u6587\u5316\u6559\u5e2b\u5354\u4f1a\uff08JOY\uff09\u306f\u30011993\u5e74\u306b\u8a2d\u7acb\u3055\u308c\u307e\u3057\u305f\u3002JOY\u306e\u76ee\u7684\u306f\u3001\u30d5\u30a3\u30f3\u30e9\u30f3\u30c9\u3067\u65e5\u672c\u8a9e\u3068\u65e5\u672c\u8a9e\u306e\u6559\u80b2\u3092\u767a\u5c55\u3055\u305b\u308b\u3053\u3068\u3067\u3059\u3002\u00a0\u30e1\u30f3\u30d0\u30fc\u306e\u30d7\u30ed\u610f\u8b58\u3092\u4fc3\u9032\u3057\u3001\u3053\u306e\u5206\u91ce\u306e\u56fd\u969b\u7684\u306a\u767a\u5c55\u3092\u76ee\u6307\u3057\u307e\u3059\u3002JOY\u306f\u305d\u306e\u6d3b\u52d5\u3092\u901a\u3058\u3066\u3001\u30d5\u30a3\u30f3\u30e9\u30f3\u30c9\u3067\u65e5\u672c\u8a9e\u3068\u65e5\u672c\u6587\u5316\u3092\u77e5\u3063\u3066\u3082\u3089\u3044\u3001\u30d5\u30a3\u30f3\u30e9\u30f3\u30c9\u3068\u65e5\u672c\u306e\u95a2\u4fc2\u3092\u4fc3\u9032\u3059\u308b\u3088\u3046\u52aa\u3081\u3066\u3044\u307e\u3059\u3002 &nbsp; TOIMINTA\/ \u6d3b\u52d5 Yhdistyksen [&hellip;]<\/p>\n","protected":false},"author":1,"featured_media":0,"parent":0,"menu_order":0,"comment_status":"closed","ping_status":"closed","template":"page-templates\/full-width.php","meta":{"footnotes":""},"class_list":["post-21","page","type-page","status-publish","hentry"],"_links":{"self":[{"href":"https:\/\/nihongo.fi\/index.php?rest_route=\/wp\/v2\/pages\/21","targetHints":{"allow":["GET"]}}],"collection":[{"href":"https:\/\/nihongo.fi\/index.php?rest_route=\/wp\/v2\/pages"}],"about":[{"href":"https:\/\/nihongo.fi\/index.php?rest_route=\/wp\/v2\/types\/page"}],"author":[{"embeddable":true,"href":"https:\/\/nihongo.fi\/index.php?rest_route=\/wp\/v2\/users\/1"}],"replies":[{"embeddable":true,"href":"https:\/\/nihongo.fi\/index.php?rest_route=%2Fwp%2Fv2%2Fcomments&post=21"}],"version-history":[{"count":31,"href":"https:\/\/nihongo.fi\/index.php?rest_route=\/wp\/v2\/pages\/21\/revisions"}],"predecessor-version":[{"id":981,"href":"https:\/\/nihongo.fi\/index.php?rest_route=\/wp\/v2\/pages\/21\/revisions\/981"}],"wp:attachment":[{"href":"https:\/\/nihongo.fi\/index.php?rest_route=%2Fwp%2Fv2%2Fmedia&parent=21"}],"curies":[{"name":"wp","href":"https:\/\/api.w.org\/{rel}","templated":true}]}}