{"id":23,"date":"2015-10-18T18:40:49","date_gmt":"2015-10-18T18:40:49","guid":{"rendered":"http:\/\/nihongo.fi\/?page_id=23"},"modified":"2025-03-28T16:02:28","modified_gmt":"2025-03-28T14:02:28","slug":"yhteystiedotinformation","status":"publish","type":"page","link":"https:\/\/nihongo.fi\/?page_id=23","title":{"rendered":"Yhteystiedot\/ \u9023\u7d61\u5148"},"content":{"rendered":"<h2><strong><span style=\"color: #0000ff;\"><span style=\"color: #000000;\">Yhdistykseen liittyviss\u00e4 kysymyksiss\u00e4 ole ensisijaisesti yhteydess\u00e4 sihteeriin:<\/span>\u00a0<\/span><\/strong><a href=\"sihteeri@nihongo.fi\"><span style=\"color: #0000ff;\">sihteeri (at) nihongo.fi<\/span><\/a><\/h2>\n<p>Yhdistyksen sihteeri: Rie Fuse (\u79d8\u66f8: \u5e03\u65bd\u502b\u82f1)<\/p>\n<p>Yhdistyksen puheenjohtaja: Pirita Turtio (\u4f1a\u9577: \u30c8\u30a5\u30eb\u30c6\u30a3\u30aa\u3000\u30d4\u30ea\u30bf )<\/p>\n<p><span style=\"color: #0000ff;\"><span style=\"color: #000000;\">\u6559\u5e2b\u4f1a\u306b\u95a2\u3057\u3066\u306e\u3054\u8cea\u554f\u7b49\u306f\u3001<\/span><a style=\"color: #0000ff;\" href=\"sihteeri@nihongo.fi\">\u4e0a\u8a18\u30e1\u30fc\u30eb<\/a><span style=\"color: #000000;\">\u306b\u3066\u79d8\u66f8\u307e\u3067\u304a\u554f\u3044\u5408\u308f\u305b\u304f\u3060\u3055\u3044\u3002<\/span><\/span><\/p>\n","protected":false},"excerpt":{"rendered":"<p>Yhdistykseen liittyviss\u00e4 kysymyksiss\u00e4 ole ensisijaisesti yhteydess\u00e4 sihteeriin:\u00a0sihteeri (at) nihongo.fi Yhdistyksen sihteeri: Rie Fuse (\u79d8\u66f8: \u5e03\u65bd\u502b\u82f1) Yhdistyksen puheenjohtaja: Pirita Turtio (\u4f1a\u9577: \u30c8\u30a5\u30eb\u30c6\u30a3\u30aa\u3000\u30d4\u30ea\u30bf ) \u6559\u5e2b\u4f1a\u306b\u95a2\u3057\u3066\u306e\u3054\u8cea\u554f\u7b49\u306f\u3001\u4e0a\u8a18\u30e1\u30fc\u30eb\u306b\u3066\u79d8\u66f8\u307e\u3067\u304a\u554f\u3044\u5408\u308f\u305b\u304f\u3060\u3055\u3044\u3002<\/p>\n","protected":false},"author":1,"featured_media":0,"parent":0,"menu_order":5,"comment_status":"closed","ping_status":"closed","template":"page-templates\/full-width.php","meta":{"footnotes":""},"class_list":["post-23","page","type-page","status-publish","hentry"],"_links":{"self":[{"href":"https:\/\/nihongo.fi\/index.php?rest_route=\/wp\/v2\/pages\/23","targetHints":{"allow":["GET"]}}],"collection":[{"href":"https:\/\/nihongo.fi\/index.php?rest_route=\/wp\/v2\/pages"}],"about":[{"href":"https:\/\/nihongo.fi\/index.php?rest_route=\/wp\/v2\/types\/page"}],"author":[{"embeddable":true,"href":"https:\/\/nihongo.fi\/index.php?rest_route=\/wp\/v2\/users\/1"}],"replies":[{"embeddable":true,"href":"https:\/\/nihongo.fi\/index.php?rest_route=%2Fwp%2Fv2%2Fcomments&post=23"}],"version-history":[{"count":24,"href":"https:\/\/nihongo.fi\/index.php?rest_route=\/wp\/v2\/pages\/23\/revisions"}],"predecessor-version":[{"id":967,"href":"https:\/\/nihongo.fi\/index.php?rest_route=\/wp\/v2\/pages\/23\/revisions\/967"}],"wp:attachment":[{"href":"https:\/\/nihongo.fi\/index.php?rest_route=%2Fwp%2Fv2%2Fmedia&parent=23"}],"curies":[{"name":"wp","href":"https:\/\/api.w.org\/{rel}","templated":true}]}}