{"id":270,"date":"2020-08-12T11:08:52","date_gmt":"2020-08-12T08:08:52","guid":{"rendered":"http:\/\/nihongo.fi\/?page_id=270"},"modified":"2022-04-20T15:06:28","modified_gmt":"2022-04-20T12:06:28","slug":"japanin-lukeminen","status":"publish","type":"page","link":"https:\/\/nihongo.fi\/?page_id=270","title":{"rendered":"Japanin lukeminen \/ \u65e5\u672c\u8a9e\u3067\u8aad\u3080\u7df4\u7fd2"},"content":{"rendered":"<p>Sivusto p\u00e4ivitet\u00e4\u00e4n!<\/p>\n<p><span style=\"color: #0000ff;\"><a style=\"color: #0000ff;\" href=\"https:\/\/chuta.cegloc.tsukuba.ac.jp\/\">\u65e5\u672c\u8a9e\u8aad\u89e3\u5b66\u7fd2\u652f\u63f4\u30b7\u30b9\u30c6\u30e0\u3000\u30ea\u30fc\u30c7\u30a3\u30f3\u30b0\u30c1\u30e5\u30a6\u592a<\/a><\/span><\/p>\n<p><span style=\"color: #0000ff;\"><a style=\"color: #0000ff;\" href=\"http:\/\/www.hiragana.jp\/\">\u3072\u3089\u3072\u3089\u306e\u3072\u3089\u304c\u306a\u3081\u304c\u306d<\/a><\/span><\/p>\n<p>&nbsp;<\/p>\n","protected":false},"excerpt":{"rendered":"<p>Sivusto p\u00e4ivitet\u00e4\u00e4n! \u65e5\u672c\u8a9e\u8aad\u89e3\u5b66\u7fd2\u652f\u63f4\u30b7\u30b9\u30c6\u30e0\u3000\u30ea\u30fc\u30c7\u30a3\u30f3\u30b0\u30c1\u30e5\u30a6\u592a \u3072\u3089\u3072\u3089\u306e\u3072\u3089\u304c\u306a\u3081\u304c\u306d &nbsp;<\/p>\n","protected":false},"author":1,"featured_media":0,"parent":107,"menu_order":10,"comment_status":"closed","ping_status":"closed","template":"page-templates\/full-width.php","meta":{"footnotes":""},"class_list":["post-270","page","type-page","status-publish","hentry"],"_links":{"self":[{"href":"https:\/\/nihongo.fi\/index.php?rest_route=\/wp\/v2\/pages\/270","targetHints":{"allow":["GET"]}}],"collection":[{"href":"https:\/\/nihongo.fi\/index.php?rest_route=\/wp\/v2\/pages"}],"about":[{"href":"https:\/\/nihongo.fi\/index.php?rest_route=\/wp\/v2\/types\/page"}],"author":[{"embeddable":true,"href":"https:\/\/nihongo.fi\/index.php?rest_route=\/wp\/v2\/users\/1"}],"replies":[{"embeddable":true,"href":"https:\/\/nihongo.fi\/index.php?rest_route=%2Fwp%2Fv2%2Fcomments&post=270"}],"version-history":[{"count":7,"href":"https:\/\/nihongo.fi\/index.php?rest_route=\/wp\/v2\/pages\/270\/revisions"}],"predecessor-version":[{"id":629,"href":"https:\/\/nihongo.fi\/index.php?rest_route=\/wp\/v2\/pages\/270\/revisions\/629"}],"up":[{"embeddable":true,"href":"https:\/\/nihongo.fi\/index.php?rest_route=\/wp\/v2\/pages\/107"}],"wp:attachment":[{"href":"https:\/\/nihongo.fi\/index.php?rest_route=%2Fwp%2Fv2%2Fmedia&parent=270"}],"curies":[{"name":"wp","href":"https:\/\/api.w.org\/{rel}","templated":true}]}}