{"id":775,"date":"2024-03-05T14:49:53","date_gmt":"2024-03-05T12:49:53","guid":{"rendered":"https:\/\/nihongo.fi\/?page_id=775"},"modified":"2025-03-01T18:15:46","modified_gmt":"2025-03-01T16:15:46","slug":"tapahtumat-vuonna-2023-%e8%a1%8c%e4%ba%8b-2","status":"publish","type":"page","link":"https:\/\/nihongo.fi\/?page_id=775","title":{"rendered":"Tapahtumat vuonna 2024\/\u884c\u4e8b"},"content":{"rendered":"<ul>\n<li>\n<h2><strong><span style=\"color: #0000ff;\"><span style=\"color: #000000;\">27.1.2024<\/span><span style=\"color: #000000;\">\u00a0 Shinnenkai (Ravintola Koto)<\/span> \/ <span style=\"color: #000000;\">2024\u5e741\u670827\u65e5\u3000\u65b0\u5e74\u4f1a\uff08Zoom\u306b\u3066\u9060\u9694<\/span><\/span><\/strong><strong><span style=\"color: #0000ff;\"><span style=\"color: #000000;\">\uff09<\/span><\/span><\/strong><\/h2>\n<\/li>\n<li>\n<h2><b>37. Japanin kielen puhetilaisuus 2024 \/ \u7b2c37\u56de \u65e5\u672c\u8a9e\u3067\u8a9e\u308b\u4f1a \u958b\u50ac <\/b><\/h2>\n<\/li>\n<\/ul>\n<p>J\u00e4rjestamme lauantaina 23.3.2024\u00a0 37.japanin kielen puhetilaisuus\u00a0paikan p\u00e4\u00e4ll\u00e4 It\u00e4-Suomenyliopistossa.<\/p>\n<p>2024\u5e743\u670823\u65e5\uff08\u571f\uff09 \u306b \u6771\u30d5\u30a3\u30f3\u30e9\u30f3\u30c9\u5927\u5b66 (<a id=\"m_2028350937703959698OWAb41c7afa-307f-2913-1302-035454c620ac\" href=\"https:\/\/www.uef.fi\/fi\" target=\"_blank\" rel=\"noopener noreferrer\" data-saferedirecturl=\"https:\/\/www.google.com\/url?q=https:\/\/www.uef.fi\/fi&amp;source=gmail&amp;ust=1709730305939000&amp;usg=AOvVaw3A_GmsSknzsXaXJUYhzWE5\">https:\/\/www.uef.fi\/fi<\/a>, Agora rakennus, Sali AG100, Yliopistokatu 4 (Joensuun kampus) \u306b\u3066\u7b2c37\u56de\u300c\u65e5\u672c\u8a9e\u3067\u8a9e\u308b\u4f1a\u300d\u3092\u5bfe\u9762\u3067\u958b\u50ac\u3044\u305f\u3057\u307e\u3059\u3002<\/p>\n<p><img loading=\"lazy\" decoding=\"async\" class=\"alignnone size-medium wp-image-808\" src=\"https:\/\/nihongo.fi\/wp-content\/uploads\/2024\/03\/37.-\u8a9e\u308b\u4f1a\u3000\u8868\u7d19-229x300.png\" alt=\"\" width=\"229\" height=\"300\" srcset=\"https:\/\/nihongo.fi\/wp-content\/uploads\/2024\/03\/37.-\u8a9e\u308b\u4f1a\u3000\u8868\u7d19-229x300.png 229w, https:\/\/nihongo.fi\/wp-content\/uploads\/2024\/03\/37.-\u8a9e\u308b\u4f1a\u3000\u8868\u7d19.png 576w\" sizes=\"auto, (max-width: 229px) 100vw, 229px\" \/><span style=\"font-size: 1rem;\">\u00a0<\/span> <span style=\"font-size: 1rem;\">\u00a0<\/span><span style=\"font-size: 1rem;\">\u00a0\u00a0<\/span><span style=\"font-size: 1rem;\">\u00a0<\/span> <span style=\"font-size: 1rem;\">\u00a0<\/span><span style=\"font-size: 1rem;\">\u00a0<\/span> <img loading=\"lazy\" decoding=\"async\" class=\"alignnone size-medium wp-image-806\" style=\"font-size: 1rem;\" src=\"https:\/\/nihongo.fi\/wp-content\/uploads\/2024\/03\/37.-\u8a9e\u308b\u4f1a\u30007pe-ji--230x300.png\" alt=\"\" width=\"230\" height=\"300\" srcset=\"https:\/\/nihongo.fi\/wp-content\/uploads\/2024\/03\/37.-\u8a9e\u308b\u4f1a\u30007pe-ji--230x300.png 230w, https:\/\/nihongo.fi\/wp-content\/uploads\/2024\/03\/37.-\u8a9e\u308b\u4f1a\u30007pe-ji-.png 575w\" sizes=\"auto, (max-width: 230px) 100vw, 230px\" \/><\/p>\n<p>PDF <a href=\"https:\/\/nihongo.fi\/wp-content\/uploads\/2024\/03\/37.-puhetilaisuuskasiohjelma-2024-new.pdf\">37. puhetilaisuusk\u00e4siohjelm\u00e4 2024 (new)<\/a><\/p>\n<ul>\n<li>\n<h2><strong>24.11.2024 JOY vuosikokous klo 15-17 (Zoom) \/ 2024\u5e7411\u670824\u65e5\u300015\u6642-17\u6642 JOY\u5e74\u6b21\u7dcf\u4f1a<\/strong><\/h2>\n<\/li>\n<\/ul>\n","protected":false},"excerpt":{"rendered":"<p>27.1.2024\u00a0 Shinnenkai (Ravintola Koto) \/ 2024\u5e741\u670827\u65e5\u3000\u65b0\u5e74\u4f1a\uff08Zoom\u306b\u3066\u9060\u9694\uff09 37. Japanin kielen puhetilaisuus 2024 \/ \u7b2c37\u56de \u65e5\u672c\u8a9e\u3067\u8a9e\u308b\u4f1a \u958b\u50ac J\u00e4rjestamme lauantaina 23.3.2024\u00a0 37.japanin kielen puhetilaisuus\u00a0paikan p\u00e4\u00e4ll\u00e4 It\u00e4-Suomenyliopistossa. 2024\u5e743\u670823\u65e5\uff08\u571f\uff09 \u306b \u6771\u30d5\u30a3\u30f3\u30e9\u30f3\u30c9\u5927\u5b66 (https:\/\/www.uef.fi\/fi, Agora rakennus, Sali AG100, Yliopistokatu 4 (Joensuun kampus) \u306b\u3066\u7b2c37\u56de\u300c\u65e5\u672c\u8a9e\u3067\u8a9e\u308b\u4f1a\u300d\u3092\u5bfe\u9762\u3067\u958b\u50ac\u3044\u305f\u3057\u307e\u3059\u3002 \u00a0 \u00a0\u00a0\u00a0\u00a0 \u00a0\u00a0 PDF 37. puhetilaisuusk\u00e4siohjelm\u00e4 2024 (new) 24.11.2024 JOY vuosikokous klo 15-17 (Zoom) \/ 2024\u5e7411\u670824\u65e5\u300015\u6642-17\u6642 JOY\u5e74\u6b21\u7dcf\u4f1a<\/p>\n","protected":false},"author":1,"featured_media":0,"parent":104,"menu_order":1,"comment_status":"closed","ping_status":"closed","template":"","meta":{"footnotes":""},"class_list":["post-775","page","type-page","status-publish","hentry"],"_links":{"self":[{"href":"https:\/\/nihongo.fi\/index.php?rest_route=\/wp\/v2\/pages\/775","targetHints":{"allow":["GET"]}}],"collection":[{"href":"https:\/\/nihongo.fi\/index.php?rest_route=\/wp\/v2\/pages"}],"about":[{"href":"https:\/\/nihongo.fi\/index.php?rest_route=\/wp\/v2\/types\/page"}],"author":[{"embeddable":true,"href":"https:\/\/nihongo.fi\/index.php?rest_route=\/wp\/v2\/users\/1"}],"replies":[{"embeddable":true,"href":"https:\/\/nihongo.fi\/index.php?rest_route=%2Fwp%2Fv2%2Fcomments&post=775"}],"version-history":[{"count":14,"href":"https:\/\/nihongo.fi\/index.php?rest_route=\/wp\/v2\/pages\/775\/revisions"}],"predecessor-version":[{"id":940,"href":"https:\/\/nihongo.fi\/index.php?rest_route=\/wp\/v2\/pages\/775\/revisions\/940"}],"up":[{"embeddable":true,"href":"https:\/\/nihongo.fi\/index.php?rest_route=\/wp\/v2\/pages\/104"}],"wp:attachment":[{"href":"https:\/\/nihongo.fi\/index.php?rest_route=%2Fwp%2Fv2%2Fmedia&parent=775"}],"curies":[{"name":"wp","href":"https:\/\/api.w.org\/{rel}","templated":true}]}}